{"id":8954,"date":"2025-12-09T15:00:00","date_gmt":"2025-12-09T20:00:00","guid":{"rendered":"https:\/\/www.riadm.ca\/?page_id=8954"},"modified":"2026-04-16T08:30:23","modified_gmt":"2026-04-16T12:30:23","slug":"ecocentre","status":"publish","type":"page","link":"https:\/\/www.riadm.ca\/index.php\/ecocentre\/","title":{"rendered":"\u00c9cocentre"},"content":{"rendered":"<h1 style=\"text-align: center;\"><strong>\u00c9COCENTRE<\/strong><\/h1>\n<h3><\/h3>\n<h5><strong>Implant\u00e9 sur le terrain de Tricentris, ce nouvel \u00e9cocentre <\/strong>situ\u00e9e au <span style=\"color: #993300;\">875, chemin Bethany Lachute, J8H 2C5<\/span> <strong>dispose d\u2019une entr\u00e9e ind\u00e9pendante am\u00e9nag\u00e9e sp\u00e9cifiquement pour faciliter l\u2019acc\u00e8s aux citoyens. <\/strong><\/h5>\n<h5><span style=\"color: #993300;\"><strong>Ce service est offert aux citoyens des municipalit\u00e9s membres (Lachute, Brownsburg-Chatham, Saint-Andr\u00e9-d\u2019Argenteuil, Saint-Placide)<\/strong><\/span><\/h5>\n<hr \/>\n<h3><a href=\"https:\/\/maps.app.goo.gl\/gTjAUY7R6MSWQkus6\" target=\"_blank\" rel=\"noopener noreferrer\">\u2013 Carte de localisation\u00a0<\/a><\/h3>\n<h3><a href=\"https:\/\/www.riadm.ca\/index.php\/2020\/07\/07\/heures-douverture-rdd\/\" target=\"_blank\" rel=\"noopener noreferrer\"><strong>\u2013 Heures d\u2019ouverture<\/strong><\/a><\/h3>\n<hr \/>\n<p><strong>Consignes aux utilisateurs\u00a0<\/strong><\/p>\n<ul data-editing-info=\"{&quot;applyListStyleFromLevel&quot;:false,&quot;unorderedStyleType&quot;:2}\">\n<li>Arr\u00eatez-vous au poste d&#8217;accueil<\/li>\n<li>Pr\u00e9sentez votre preuve de r\u00e9sidence<\/li>\n<li>Dirigez-vous aux postes de d\u00e9p\u00f4ts appropri\u00e9s<\/li>\n<li>Suivez les consignes de signalisation sur le site<\/li>\n<li>Respectez la limite de vitesse<\/li>\n<li>Vous \u00eates responsables de la s\u00e9curit\u00e9 de vos enfants<\/li>\n<li>Animaux interdits \u00e0 l&#8217;ext\u00e9rieur du v\u00e9hicule<\/li>\n<li>Interdiction de fumer<\/li>\n<li>Coupez le moteur lorsque vous ne roulez pas<\/li>\n<\/ul>\n<hr \/>\n<p><a href=\"https:\/\/www.riadm.ca\/wp-content\/uploads\/2026\/04\/Matieres-acceptees-Lachute-2.pdf\"><span style=\"color: #ff0000;\">\u2013 LISTE DE PRODUITS ACCEPT\u00c9S<\/span><\/a><\/p>\n<p><span style=\"color: #ff0000;\"><a style=\"color: #ff0000;\" href=\"https:\/\/www.riadm.ca\/wp-content\/uploads\/2026\/04\/Matieres-refusees.pdf\" target=\"_blank\" rel=\"noopener noreferrer\">\u2013 LISTE DE PRODUITS REFUS\u00c9S<\/a><\/span><\/p>\n<hr \/>\n<h5><strong>Il est strictement interdit de laisser vos objets ou mati\u00e8res \u00e0 l\u2019entr\u00e9e de l&#8217;\u00c9cocentre lorsque celui-ci est ferm\u00e9.<\/strong><\/h5>\n<h5>Pour toutes questions, veuillez communiquer avec le Service \u00e0 la client\u00e8le,\u00a0au\u00a0: 450-562-3786 poste 1.<\/h5>\n","protected":false},"excerpt":{"rendered":"<p>\u00c9COCENTRE Implant\u00e9 sur le terrain de Tricentris, ce nouvel \u00e9cocentre situ\u00e9e au 875, chemin Bethany Lachute, J8H 2C5 dispose d\u2019une entr\u00e9e ind\u00e9pendante am\u00e9nag\u00e9e sp\u00e9cifiquement pour faciliter l\u2019acc\u00e8s aux citoyens. Ce service est offert aux citoyens des municipalit\u00e9s membres (Lachute, Brownsburg-Chatham, Saint-Andr\u00e9-d\u2019Argenteuil, Saint-Placide) \u2013 Carte de localisation\u00a0 \u2013 Heures d\u2019ouverture Consignes aux utilisateurs\u00a0 Arr\u00eatez-vous au poste [&hellip;]<\/p>\n","protected":false},"author":1,"featured_media":0,"parent":0,"menu_order":0,"comment_status":"closed","ping_status":"closed","template":"","meta":[],"_links":{"self":[{"href":"https:\/\/www.riadm.ca\/index.php\/wp-json\/wp\/v2\/pages\/8954"}],"collection":[{"href":"https:\/\/www.riadm.ca\/index.php\/wp-json\/wp\/v2\/pages"}],"about":[{"href":"https:\/\/www.riadm.ca\/index.php\/wp-json\/wp\/v2\/types\/page"}],"author":[{"embeddable":true,"href":"https:\/\/www.riadm.ca\/index.php\/wp-json\/wp\/v2\/users\/1"}],"replies":[{"embeddable":true,"href":"https:\/\/www.riadm.ca\/index.php\/wp-json\/wp\/v2\/comments?post=8954"}],"version-history":[{"count":31,"href":"https:\/\/www.riadm.ca\/index.php\/wp-json\/wp\/v2\/pages\/8954\/revisions"}],"predecessor-version":[{"id":9139,"href":"https:\/\/www.riadm.ca\/index.php\/wp-json\/wp\/v2\/pages\/8954\/revisions\/9139"}],"wp:attachment":[{"href":"https:\/\/www.riadm.ca\/index.php\/wp-json\/wp\/v2\/media?parent=8954"}],"curies":[{"name":"wp","href":"https:\/\/api.w.org\/{rel}","templated":true}]}}