{"id":8691,"date":"2024-12-04T13:49:02","date_gmt":"2024-12-04T18:49:02","guid":{"rendered":"https:\/\/www.riadm.ca\/?page_id=8691"},"modified":"2025-12-18T13:10:30","modified_gmt":"2025-12-18T18:10:30","slug":"eco-calendriers-2025","status":"publish","type":"page","link":"https:\/\/www.riadm.ca\/index.php\/eco-calendriers-2025\/","title":{"rendered":"\u00c9co-calendriers 2026"},"content":{"rendered":"<p>[vc_row][vc_column][vc_column_text]<\/p>\n<p class=\"xmsonormal\">ERRATUM \u00c9cocentre et R\u00e9sidus domestiques dangereux : code postal<\/p>\n<p class=\"xmsonormal\">Prenez note que le code postal J8H 4P3 inscrit sur les \u00e9co calendriers est erron\u00e9. Le code postal officiel est le J8H 2C5<\/p>\n<p>[\/vc_column_text][\/vc_column][\/vc_row][vc_row][vc_column][vc_btn title=&#8221;LACHUTE&#8221; shape=&#8221;round&#8221; color=&#8221;primary&#8221; i_icon_fontawesome=&#8221;fa fa-calendar&#8221; link=&#8221;url:https%3A%2F%2Fwww.riadm.ca%2Fwp-content%2Fuploads%2F2025%2F12%2FEco-Calendrier_Lachute_2026_WEB.pdf|title:Lachute%20%E2%80%93%20%C3%89cocalendrier%202026|target:%20_blank|&#8221; add_icon=&#8221;true&#8221;][\/vc_column][\/vc_row][vc_row][vc_column][vc_btn title=&#8221;BROWNSBURG-CHATHAM&#8221; shape=&#8221;round&#8221; color=&#8221;primary&#8221; i_icon_fontawesome=&#8221;fa fa-calendar&#8221; link=&#8221;url:https%3A%2F%2Fwww.riadm.ca%2Fwp-content%2Fuploads%2F2025%2F12%2FEco-Calendrier_Brownsburg_2026_WEB.pdf|title:Brownsburg-Chatham%20%E2%80%93%20%C3%89cocalendrier%202026|target:%20_blank|&#8221; add_icon=&#8221;true&#8221;][\/vc_column][\/vc_row][vc_row][vc_column][vc_btn title=&#8221;SAINT-ANDR\u00c9 D&#8217;ARGENTEUIL&#8221; shape=&#8221;round&#8221; color=&#8221;primary&#8221; i_icon_fontawesome=&#8221;fa fa-calendar&#8221; link=&#8221;url:https%3A%2F%2Fwww.riadm.ca%2Fwp-content%2Fuploads%2F2025%2F12%2FEco-Calendrier_St-Andre-Arg_2026_WEB.pdf|title:Saint-Andr%C3%A9%20%E2%80%93%20%C3%89cocalendrier%202026|target:%20_blank|&#8221; add_icon=&#8221;true&#8221;][\/vc_column][\/vc_row][vc_row][vc_column][vc_btn title=&#8221;SAINT-PLACIDE&#8221; shape=&#8221;round&#8221; color=&#8221;primary&#8221; i_icon_fontawesome=&#8221;fa fa-calendar&#8221; link=&#8221;url:https%3A%2F%2Fwww.riadm.ca%2Fwp-content%2Fuploads%2F2025%2F12%2FEco-Calendrier_St-Placide_2026_WEB.pdf|title:Saint-Placide%20%E2%80%93%20%C3%89cocalendrier%202026||&#8221; add_icon=&#8221;true&#8221;][\/vc_column][\/vc_row]<\/p>\n","protected":false},"excerpt":{"rendered":"<p>[vc_row][vc_column][vc_column_text] ERRATUM \u00c9cocentre et R\u00e9sidus domestiques dangereux : code postal Prenez note que le code postal J8H 4P3 inscrit sur les \u00e9co calendriers est erron\u00e9. Le code postal officiel est le J8H 2C5 [\/vc_column_text][\/vc_column][\/vc_row][vc_row][vc_column][vc_btn title=&#8221;LACHUTE&#8221; shape=&#8221;round&#8221; color=&#8221;primary&#8221; i_icon_fontawesome=&#8221;fa fa-calendar&#8221; link=&#8221;url:https%3A%2F%2Fwww.riadm.ca%2Fwp-content%2Fuploads%2F2025%2F12%2FEco-Calendrier_Lachute_2026_WEB.pdf|title:Lachute%20%E2%80%93%20%C3%89cocalendrier%202026|target:%20_blank|&#8221; add_icon=&#8221;true&#8221;][\/vc_column][\/vc_row][vc_row][vc_column][vc_btn title=&#8221;BROWNSBURG-CHATHAM&#8221; shape=&#8221;round&#8221; color=&#8221;primary&#8221; i_icon_fontawesome=&#8221;fa fa-calendar&#8221; link=&#8221;url:https%3A%2F%2Fwww.riadm.ca%2Fwp-content%2Fuploads%2F2025%2F12%2FEco-Calendrier_Brownsburg_2026_WEB.pdf|title:Brownsburg-Chatham%20%E2%80%93%20%C3%89cocalendrier%202026|target:%20_blank|&#8221; add_icon=&#8221;true&#8221;][\/vc_column][\/vc_row][vc_row][vc_column][vc_btn title=&#8221;SAINT-ANDR\u00c9 D&#8217;ARGENTEUIL&#8221; shape=&#8221;round&#8221; color=&#8221;primary&#8221; i_icon_fontawesome=&#8221;fa fa-calendar&#8221; link=&#8221;url:https%3A%2F%2Fwww.riadm.ca%2Fwp-content%2Fuploads%2F2025%2F12%2FEco-Calendrier_St-Andre-Arg_2026_WEB.pdf|title:Saint-Andr%C3%A9%20%E2%80%93%20%C3%89cocalendrier%202026|target:%20_blank|&#8221; [&hellip;]<\/p>\n","protected":false},"author":6,"featured_media":0,"parent":0,"menu_order":0,"comment_status":"closed","ping_status":"closed","template":"","meta":[],"_links":{"self":[{"href":"https:\/\/www.riadm.ca\/index.php\/wp-json\/wp\/v2\/pages\/8691"}],"collection":[{"href":"https:\/\/www.riadm.ca\/index.php\/wp-json\/wp\/v2\/pages"}],"about":[{"href":"https:\/\/www.riadm.ca\/index.php\/wp-json\/wp\/v2\/types\/page"}],"author":[{"embeddable":true,"href":"https:\/\/www.riadm.ca\/index.php\/wp-json\/wp\/v2\/users\/6"}],"replies":[{"embeddable":true,"href":"https:\/\/www.riadm.ca\/index.php\/wp-json\/wp\/v2\/comments?post=8691"}],"version-history":[{"count":16,"href":"https:\/\/www.riadm.ca\/index.php\/wp-json\/wp\/v2\/pages\/8691\/revisions"}],"predecessor-version":[{"id":8968,"href":"https:\/\/www.riadm.ca\/index.php\/wp-json\/wp\/v2\/pages\/8691\/revisions\/8968"}],"wp:attachment":[{"href":"https:\/\/www.riadm.ca\/index.php\/wp-json\/wp\/v2\/media?parent=8691"}],"curies":[{"name":"wp","href":"https:\/\/api.w.org\/{rel}","templated":true}]}}