{"id":8564,"date":"2024-09-03T13:05:58","date_gmt":"2024-09-03T17:05:58","guid":{"rendered":"https:\/\/www.riadm.ca\/?page_id=8564"},"modified":"2024-09-03T13:06:07","modified_gmt":"2024-09-03T17:06:07","slug":"8564-2","status":"publish","type":"page","link":"https:\/\/www.riadm.ca\/index.php\/8564-2\/","title":{"rendered":""},"content":{"rendered":"<p class=\"xmsonormal\">Modification \u00e0 l&#8217;\u00c9co-calendrier de Brownsburg-Chatham. La collecte du secteur Nord du 25 d\u00e9cembre est report\u00e9e au 26 d\u00e9cembre 2024.<\/p>\n<p class=\"xmsonormal\">\n","protected":false},"excerpt":{"rendered":"<p>Modification \u00e0 l&#8217;\u00c9co-calendrier de Brownsburg-Chatham. La collecte du secteur Nord du 25 d\u00e9cembre est report\u00e9e au 26 d\u00e9cembre 2024.<\/p>\n","protected":false},"author":6,"featured_media":0,"parent":0,"menu_order":0,"comment_status":"closed","ping_status":"closed","template":"","meta":[],"_links":{"self":[{"href":"https:\/\/www.riadm.ca\/index.php\/wp-json\/wp\/v2\/pages\/8564"}],"collection":[{"href":"https:\/\/www.riadm.ca\/index.php\/wp-json\/wp\/v2\/pages"}],"about":[{"href":"https:\/\/www.riadm.ca\/index.php\/wp-json\/wp\/v2\/types\/page"}],"author":[{"embeddable":true,"href":"https:\/\/www.riadm.ca\/index.php\/wp-json\/wp\/v2\/users\/6"}],"replies":[{"embeddable":true,"href":"https:\/\/www.riadm.ca\/index.php\/wp-json\/wp\/v2\/comments?post=8564"}],"version-history":[{"count":1,"href":"https:\/\/www.riadm.ca\/index.php\/wp-json\/wp\/v2\/pages\/8564\/revisions"}],"predecessor-version":[{"id":8565,"href":"https:\/\/www.riadm.ca\/index.php\/wp-json\/wp\/v2\/pages\/8564\/revisions\/8565"}],"wp:attachment":[{"href":"https:\/\/www.riadm.ca\/index.php\/wp-json\/wp\/v2\/media?parent=8564"}],"curies":[{"name":"wp","href":"https:\/\/api.w.org\/{rel}","templated":true}]}}