{"id":8483,"date":"2024-03-26T10:55:37","date_gmt":"2024-03-26T14:55:37","guid":{"rendered":"https:\/\/www.riadm.ca\/?page_id=8483"},"modified":"2024-12-04T14:43:23","modified_gmt":"2024-12-04T19:43:23","slug":"aide-memoire-compost-recyclage-dechets","status":"publish","type":"page","link":"https:\/\/www.riadm.ca\/index.php\/aide-memoire-compost-recyclage-dechets\/","title":{"rendered":"Aide-m\u00e9moire r\u00e9cup\u00e9ration-compost-d\u00e9chets"},"content":{"rendered":"<p>L&#8217;aide-m\u00e9moire est \u00e9labor\u00e9 dans le but de vous faciliter la t\u00e2che!<\/p>\n<p>Il est possible de consulter les illustrations afin de saisir ce que le bac peut inclure.<\/p>\n<p>Pour y acc\u00e9der, il vous suffit de cliquer sur le lien ci-dessous.<\/p>\n<p><a href=\"https:\/\/www.riadm.ca\/wp-content\/uploads\/2024\/12\/Aide-Memoire-.pdf\" target=\"_blank\" rel=\"noopener\">AIDE-M\u00c9MOIRE<\/a><\/p>\n","protected":false},"excerpt":{"rendered":"<p>L&#8217;aide-m\u00e9moire est \u00e9labor\u00e9 dans le but de vous faciliter la t\u00e2che! Il est possible de consulter les illustrations afin de saisir ce que le bac peut inclure. Pour y acc\u00e9der, il vous suffit de cliquer sur le lien ci-dessous. AIDE-M\u00c9MOIRE<\/p>\n","protected":false},"author":6,"featured_media":0,"parent":0,"menu_order":0,"comment_status":"closed","ping_status":"closed","template":"","meta":[],"_links":{"self":[{"href":"https:\/\/www.riadm.ca\/index.php\/wp-json\/wp\/v2\/pages\/8483"}],"collection":[{"href":"https:\/\/www.riadm.ca\/index.php\/wp-json\/wp\/v2\/pages"}],"about":[{"href":"https:\/\/www.riadm.ca\/index.php\/wp-json\/wp\/v2\/types\/page"}],"author":[{"embeddable":true,"href":"https:\/\/www.riadm.ca\/index.php\/wp-json\/wp\/v2\/users\/6"}],"replies":[{"embeddable":true,"href":"https:\/\/www.riadm.ca\/index.php\/wp-json\/wp\/v2\/comments?post=8483"}],"version-history":[{"count":9,"href":"https:\/\/www.riadm.ca\/index.php\/wp-json\/wp\/v2\/pages\/8483\/revisions"}],"predecessor-version":[{"id":8708,"href":"https:\/\/www.riadm.ca\/index.php\/wp-json\/wp\/v2\/pages\/8483\/revisions\/8708"}],"wp:attachment":[{"href":"https:\/\/www.riadm.ca\/index.php\/wp-json\/wp\/v2\/media?parent=8483"}],"curies":[{"name":"wp","href":"https:\/\/api.w.org\/{rel}","templated":true}]}}