{"id":8238,"date":"2023-10-03T13:11:16","date_gmt":"2023-10-03T17:11:16","guid":{"rendered":"https:\/\/www.riadm.ca\/?page_id=8238"},"modified":"2025-11-18T11:32:51","modified_gmt":"2025-11-18T16:32:51","slug":"calendrier-des-seances","status":"publish","type":"page","link":"https:\/\/www.riadm.ca\/index.php\/calendrier-des-seances\/","title":{"rendered":"Calendrier des s\u00e9ances"},"content":{"rendered":"<h5><a href=\"https:\/\/www.riadm.ca\/wp-content\/uploads\/2025\/11\/2026-Calendrier-des-seances-ordinaires.pdf\">2026 <\/a><\/h5>\n<h5><a href=\"https:\/\/www.riadm.ca\/wp-content\/uploads\/2024\/09\/2025-Calendrier-des-seances-ordinaires.pdf\">2025 <\/a><\/h5>\n<h5><a href=\"https:\/\/www.riadm.ca\/wp-content\/uploads\/2024\/02\/2024-Calendrier-des-seances-ordinaires-2.pdf\">2024 <\/a><\/h5>\n<h5><a href=\"https:\/\/www.riadm.ca\/wp-content\/uploads\/2022\/10\/2023-Calendrier-des-seances-ordinaires.pdf\">2023 <\/a><\/h5>\n<h5><a href=\"https:\/\/www.riadm.ca\/wp-content\/uploads\/2021\/10\/Calendrier-des-seances-ordinaires-2022.pdf\">2022<\/a><\/h5>\n<h5><a href=\"https:\/\/www.riadm.ca\/wp-content\/uploads\/2020\/12\/Calendrier_des_seances_ordinaires_2021.pdf\">2021<\/a><\/h5>\n<h5><a href=\"https:\/\/www.riadm.ca\/wp-content\/uploads\/2020\/01\/Calendrier_des_seances_ordinaires_2020.pdf\">2020<\/a><\/h5>\n<h5><a href=\"https:\/\/www.riadm.ca\/wp-content\/uploads\/2020\/01\/Calendrier_des_seances_ordinaires_-2019.pdf\">2019<\/a><\/h5>\n<h5><\/h5>\n<h5>Les questions peuvent \u00eatre achemin\u00e9es par courriel \u00e0 l&#8217;adresse info@riadm.ca avant 14h le jour de la s\u00e9ance.<\/h5>\n<h5>Prenez note que la RIADM se r\u00e9serve le droit de:<\/h5>\n<ul>\n<li>\n<h5>filtrer les questions ou les commentaires formul\u00e9s en termes injurieux ou diffamatoires;<\/h5>\n<\/li>\n<li>\n<h5>regrouper les questions touchant aux m\u00eames sujets;<\/h5>\n<\/li>\n<li>\n<h5>refuser de r\u00e9pondre \u00e0 toute question d&#8217;ordre strictement personnel ou concernant le comportement d&#8217;un citoyen ou d&#8217;un employ\u00e9.<\/h5>\n<\/li>\n<\/ul>\n<h5>Merci!<\/h5>\n","protected":false},"excerpt":{"rendered":"<p>2026 2025 2024 2023 2022 2021 2020 2019 Les questions peuvent \u00eatre achemin\u00e9es par courriel \u00e0 l&#8217;adresse info@riadm.ca avant 14h le jour de la s\u00e9ance. Prenez note que la RIADM se r\u00e9serve le droit de: filtrer les questions ou les commentaires formul\u00e9s en termes injurieux ou diffamatoires; regrouper les questions touchant aux m\u00eames sujets; refuser [&hellip;]<\/p>\n","protected":false},"author":6,"featured_media":0,"parent":0,"menu_order":0,"comment_status":"closed","ping_status":"closed","template":"","meta":[],"_links":{"self":[{"href":"https:\/\/www.riadm.ca\/index.php\/wp-json\/wp\/v2\/pages\/8238"}],"collection":[{"href":"https:\/\/www.riadm.ca\/index.php\/wp-json\/wp\/v2\/pages"}],"about":[{"href":"https:\/\/www.riadm.ca\/index.php\/wp-json\/wp\/v2\/types\/page"}],"author":[{"embeddable":true,"href":"https:\/\/www.riadm.ca\/index.php\/wp-json\/wp\/v2\/users\/6"}],"replies":[{"embeddable":true,"href":"https:\/\/www.riadm.ca\/index.php\/wp-json\/wp\/v2\/comments?post=8238"}],"version-history":[{"count":9,"href":"https:\/\/www.riadm.ca\/index.php\/wp-json\/wp\/v2\/pages\/8238\/revisions"}],"predecessor-version":[{"id":8937,"href":"https:\/\/www.riadm.ca\/index.php\/wp-json\/wp\/v2\/pages\/8238\/revisions\/8937"}],"wp:attachment":[{"href":"https:\/\/www.riadm.ca\/index.php\/wp-json\/wp\/v2\/media?parent=8238"}],"curies":[{"name":"wp","href":"https:\/\/api.w.org\/{rel}","templated":true}]}}