{"id":8166,"date":"2023-08-23T13:27:38","date_gmt":"2023-08-23T17:27:38","guid":{"rendered":"https:\/\/www.riadm.ca\/?page_id=8166"},"modified":"2025-05-06T14:26:43","modified_gmt":"2025-05-06T18:26:43","slug":"reglements","status":"publish","type":"page","link":"https:\/\/www.riadm.ca\/index.php\/reglements\/","title":{"rendered":"R\u00e8glements"},"content":{"rendered":"<p><a href=\"https:\/\/www.riadm.ca\/wp-content\/uploads\/2025\/05\/25-009-05-Reglement-gestion-contractuelle.pdf\">R\u00c8GLEMENT_NUM\u00c9RO_25-009-05 R\u00c8GLEMENT GESTION CONTRACTUELLE<\/a><\/p>\n<p><a href=\"https:\/\/www.riadm.ca\/wp-content\/uploads\/2021\/12\/21-009-04-Reglement-gestion-contractuelle.pdf\" target=\"_blank\" rel=\"noopener\">REGLEMENT_NUMERO_21-009-04 REGLEMENT GESTION CONTRACTUELLE<\/a><\/p>\n<p><a href=\"https:\/\/www.riadm.ca\/2018\/wp-content\/uploads\/2017\/01\/REGLEMENT_NUMERO_18-013-07_SUR_LE_TRAITEMENT_DES_ELUS_MUNICIPAUX.pdf\" target=\"_blank\" rel=\"noopener\">REGLEMENT_NUMERO_18-013-07_SUR_LE_TRAITEMENT_DES_ELUS_MUNICIPAUX<\/a><\/p>\n<p><a href=\"https:\/\/www.riadm.ca\/wp-content\/uploads\/2023\/05\/Reglement-23-013-08-Traitement-des-elus-municipaux.pdf\">R\u00c8GLEMENT 23-013-08 TRAITEMENT DES \u00c9LUS MUNICIPAUX<\/a><\/p>\n<p><a href=\"https:\/\/www.riadm.ca\/wp-content\/uploads\/2024\/12\/24-013-09-Reglement-traitement-des-elus.pdf\">R\u00c8GLEMENT 24-013-09 TRAITEMENT DES \u00c9LUS<\/a><\/p>\n<p><a href=\"https:\/\/www.riadm.ca\/wp-content\/uploads\/2023\/07\/Reglement-23-024-Avis-publics.pdf\" target=\"_blank\" rel=\"noopener\">R\u00c9GLEMENT 23-024 AVIS PUBLICS<\/a><\/p>\n","protected":false},"excerpt":{"rendered":"<p>R\u00c8GLEMENT_NUM\u00c9RO_25-009-05 R\u00c8GLEMENT GESTION CONTRACTUELLE REGLEMENT_NUMERO_21-009-04 REGLEMENT GESTION CONTRACTUELLE REGLEMENT_NUMERO_18-013-07_SUR_LE_TRAITEMENT_DES_ELUS_MUNICIPAUX R\u00c8GLEMENT 23-013-08 TRAITEMENT DES \u00c9LUS MUNICIPAUX R\u00c8GLEMENT 24-013-09 TRAITEMENT DES \u00c9LUS R\u00c9GLEMENT 23-024 AVIS PUBLICS<\/p>\n","protected":false},"author":6,"featured_media":0,"parent":0,"menu_order":0,"comment_status":"closed","ping_status":"closed","template":"","meta":[],"_links":{"self":[{"href":"https:\/\/www.riadm.ca\/index.php\/wp-json\/wp\/v2\/pages\/8166"}],"collection":[{"href":"https:\/\/www.riadm.ca\/index.php\/wp-json\/wp\/v2\/pages"}],"about":[{"href":"https:\/\/www.riadm.ca\/index.php\/wp-json\/wp\/v2\/types\/page"}],"author":[{"embeddable":true,"href":"https:\/\/www.riadm.ca\/index.php\/wp-json\/wp\/v2\/users\/6"}],"replies":[{"embeddable":true,"href":"https:\/\/www.riadm.ca\/index.php\/wp-json\/wp\/v2\/comments?post=8166"}],"version-history":[{"count":5,"href":"https:\/\/www.riadm.ca\/index.php\/wp-json\/wp\/v2\/pages\/8166\/revisions"}],"predecessor-version":[{"id":8854,"href":"https:\/\/www.riadm.ca\/index.php\/wp-json\/wp\/v2\/pages\/8166\/revisions\/8854"}],"wp:attachment":[{"href":"https:\/\/www.riadm.ca\/index.php\/wp-json\/wp\/v2\/media?parent=8166"}],"curies":[{"name":"wp","href":"https:\/\/api.w.org\/{rel}","templated":true}]}}