{"id":6504,"date":"2022-04-05T12:40:38","date_gmt":"2022-04-05T16:40:38","guid":{"rendered":"https:\/\/www.riadm.ca\/?page_id=6504"},"modified":"2026-03-11T10:04:04","modified_gmt":"2026-03-11T14:04:04","slug":"seance-extraordinaire-riadm-2","status":"publish","type":"page","link":"https:\/\/www.riadm.ca\/index.php\/seance-extraordinaire-riadm-2\/","title":{"rendered":"Proc\u00e8s-verbaux s\u00e9ance extraordinaire"},"content":{"rendered":"<div id=\"pl-6504\"  class=\"panel-layout\" ><div id=\"pg-6504-0\"  class=\"panel-grid panel-no-style\" ><div id=\"pgc-6504-0-0\"  class=\"panel-grid-cell\" ><div id=\"panel-6504-0-0-0\" class=\"so-panel widget widget_sow-tabs panel-first-child panel-last-child\" data-index=\"0\" ><div\n\t\t\t\n\t\t\tclass=\"so-widget-sow-tabs so-widget-sow-tabs-default-1d9d6a74630f-6504\"\n\t\t\t\n\t\t><div class=\"sow-tabs\">\n\t<div class=\"sow-tabs-tab-container\" role=\"tablist\">\n\t\t\t<div\n\t\t\tclass=\"sow-tabs-tab\n\t\t\t sow-tabs-tab-selected\t\t\t\"\n\t\t\trole=\"tab\"\n\t\t\tdata-anchor-id=\"2026\"\n\t\t\taria-selected=\"true\"\n\t\t\ttabindex=\"0\"\n\t\t>\n\t\t\t<div class=\"sow-tabs-title sow-tabs-title-icon-left\">\n\t\t\t\t\t\t\t\t2026\t\t\t\t\t\t\t<\/div>\n\t\t<\/div>\n\t\t\t<div\n\t\t\tclass=\"sow-tabs-tab\n\t\t\t\t\t\t\"\n\t\t\trole=\"tab\"\n\t\t\tdata-anchor-id=\"2025\"\n\t\t\taria-selected=\"false\"\n\t\t\ttabindex=\"0\"\n\t\t>\n\t\t\t<div class=\"sow-tabs-title sow-tabs-title-icon-left\">\n\t\t\t\t\t\t\t\t2025\t\t\t\t\t\t\t<\/div>\n\t\t<\/div>\n\t\t\t<div\n\t\t\tclass=\"sow-tabs-tab\n\t\t\t\t\t\t\"\n\t\t\trole=\"tab\"\n\t\t\tdata-anchor-id=\"2024\"\n\t\t\taria-selected=\"false\"\n\t\t\ttabindex=\"0\"\n\t\t>\n\t\t\t<div class=\"sow-tabs-title sow-tabs-title-icon-left\">\n\t\t\t\t\t\t\t\t2024\t\t\t\t\t\t\t<\/div>\n\t\t<\/div>\n\t\t\t<div\n\t\t\tclass=\"sow-tabs-tab\n\t\t\t\t\t\t\"\n\t\t\trole=\"tab\"\n\t\t\tdata-anchor-id=\"2023\"\n\t\t\taria-selected=\"false\"\n\t\t\ttabindex=\"0\"\n\t\t>\n\t\t\t<div class=\"sow-tabs-title sow-tabs-title-icon-left\">\n\t\t\t\t\t\t\t\t2023\t\t\t\t\t\t\t<\/div>\n\t\t<\/div>\n\t\t\t<div\n\t\t\tclass=\"sow-tabs-tab\n\t\t\t\t\t\t\"\n\t\t\trole=\"tab\"\n\t\t\tdata-anchor-id=\"2022\"\n\t\t\taria-selected=\"false\"\n\t\t\ttabindex=\"0\"\n\t\t>\n\t\t\t<div class=\"sow-tabs-title sow-tabs-title-icon-left\">\n\t\t\t\t\t\t\t\t2022\t\t\t\t\t\t\t<\/div>\n\t\t<\/div>\n\t\t\t<div\n\t\t\tclass=\"sow-tabs-tab\n\t\t\t\t\t\t\"\n\t\t\trole=\"tab\"\n\t\t\tdata-anchor-id=\"2021\"\n\t\t\taria-selected=\"false\"\n\t\t\ttabindex=\"0\"\n\t\t>\n\t\t\t<div class=\"sow-tabs-title sow-tabs-title-icon-left\">\n\t\t\t\t\t\t\t\t2021\t\t\t\t\t\t\t<\/div>\n\t\t<\/div>\n\t\t\t<div\n\t\t\tclass=\"sow-tabs-tab\n\t\t\t\t\t\t\"\n\t\t\trole=\"tab\"\n\t\t\tdata-anchor-id=\"2020\"\n\t\t\taria-selected=\"false\"\n\t\t\ttabindex=\"0\"\n\t\t>\n\t\t\t<div class=\"sow-tabs-title sow-tabs-title-icon-left\">\n\t\t\t\t\t\t\t\t2020\t\t\t\t\t\t\t<\/div>\n\t\t<\/div>\n\t\t<\/div>\n\n\t<div class=\"sow-tabs-panel-container\">\n\t\t\t<div class=\"sow-tabs-panel\">\n\t\t\t<div\n\t\t\t\tclass=\"sow-tabs-panel-content\"\n\t\t\t\trole=\"tabpanel\"\n\t\t\t\taria-hidden=\"false\"\n\t\t\t>\n\t\t\t\t\t\t\t<\/div>\n\t\t<\/div>\n\t\t\t<div class=\"sow-tabs-panel\">\n\t\t\t<div\n\t\t\t\tclass=\"sow-tabs-panel-content\"\n\t\t\t\trole=\"tabpanel\"\n\t\t\t\taria-hidden=\"true\"\n\t\t\t>\n\t\t\t\t<h3><span style=\"color: #000000\"><a style=\"color: #000000\" href=\"https:\/\/www.riadm.ca\/wp-content\/uploads\/2025\/05\/PV-seance-extraordinaire-28-mars-2025.pdf\">Voir PV s\u00e9ance extraordinaire 28 mars 2025 en format PDF<\/a><\/span><\/h3>\n<h3><span style=\"color: #000000\"><a style=\"color: #000000\" href=\"https:\/\/www.riadm.ca\/wp-content\/uploads\/2025\/10\/PV-seance-extraordinaire-2-juillet-2025.pdf\" target=\"_blank\" rel=\"noopener\">Voir PV s\u00e9ance extraordinaire 2 juillet 2025 en format PDF<\/a><\/span><\/h3>\n<h3><span style=\"color: #000000\"><a style=\"color: #000000\" href=\"https:\/\/www.riadm.ca\/wp-content\/uploads\/2026\/03\/PV-seance-extraordinaire-4-decembre-2025.pdf\">Voir PV s\u00e9ance extraordinaire 4 d\u00e9cembre 2025 en format PDF<\/a><\/span><\/h3>\n\t\t\t<\/div>\n\t\t<\/div>\n\t\t\t<div class=\"sow-tabs-panel\">\n\t\t\t<div\n\t\t\t\tclass=\"sow-tabs-panel-content\"\n\t\t\t\trole=\"tabpanel\"\n\t\t\t\taria-hidden=\"true\"\n\t\t\t>\n\t\t\t\t<h3><span style=\"color: #000000\"><a style=\"color: #000000\" href=\"https:\/\/www.riadm.ca\/wp-content\/uploads\/2024\/04\/PV-seance-extraordinaire-8-avril-2024.pdf\">Voir PV s\u00e9ance extraordinaire 8 avril 2024 en format PDF<\/a><\/span><\/h3>\n<h3><span style=\"color: #000000\"><a style=\"color: #000000\" href=\"https:\/\/www.riadm.ca\/wp-content\/uploads\/2024\/10\/PV-seance-extraordinaire-23-juillet-2024.pdf\">Voir PV s\u00e9ance extraordinaire 23 juillet 2024 en format PDF<\/a><\/span><\/h3>\n<h3><span style=\"color: #000000\"><a style=\"color: #000000\" href=\"https:\/\/www.riadm.ca\/wp-content\/uploads\/2025\/03\/PV-seance-extraordinaire-12-decembre-2024.pdf\">Voir PV s\u00e9ance extraordinaire 12 d\u00e9cembre 2024 en format PDF<\/a><\/span><\/h3>\n<p>&nbsp;<\/p>\n\t\t\t<\/div>\n\t\t<\/div>\n\t\t\t<div class=\"sow-tabs-panel\">\n\t\t\t<div\n\t\t\t\tclass=\"sow-tabs-panel-content\"\n\t\t\t\trole=\"tabpanel\"\n\t\t\t\taria-hidden=\"true\"\n\t\t\t>\n\t\t\t\t<h3><a href=\"https:\/\/www.riadm.ca\/wp-content\/uploads\/2023\/05\/PV-seance-extraordinaire-2-mai-2023.pdf\"><span style=\"color: #000000\">Voir PV s\u00e9ance extraordinaire 2 mai 2023 en format PDF<\/span><\/a><\/h3>\n<h3><span style=\"color: #000000\"><a style=\"color: #000000\" href=\"https:\/\/www.riadm.ca\/wp-content\/uploads\/2023\/11\/PV-seance-extraordinaire-20-juillet-2023.pdf\">Voir PV s\u00e9ance extraordinaire 20 juillet 2023 en format PDF<\/a><\/span><\/h3>\n\t\t\t<\/div>\n\t\t<\/div>\n\t\t\t<div class=\"sow-tabs-panel\">\n\t\t\t<div\n\t\t\t\tclass=\"sow-tabs-panel-content\"\n\t\t\t\trole=\"tabpanel\"\n\t\t\t\taria-hidden=\"true\"\n\t\t\t>\n\t\t\t\t<h3>S\u00e9ance Extraordinaire RIADM 6 Janvier 2022<\/h3>\n<div style=\"max-width:640px;\">        \r\n    <video id=\"plyr69de1a7d09534\" controls class=\"easy-video-player\">\r\n       <source src=\"https:\/\/www.riadm.ca\/wp-content\/uploads\/2022\/01\/Seance-extraordinaire-du-conseil-de-la-RIADM-6-janvier-2022-1.mp4\" type=\"video\/mp4\" \/>\r\n    <\/video>\r\n    <\/div>    <script>\r\n        const evplayerplyr69de1a7d09534 = new Plyr(document.getElementById('plyr69de1a7d09534'));\r\n        evplayerplyr69de1a7d09534.ratio = '16:9';\r\n        evplayerplyr69de1a7d09534.iconUrl = 'https:\/\/www.riadm.ca\/wp-content\/plugins\/easy-video-player\/lib\/plyr.svg';\r\n        evplayerplyr69de1a7d09534.blankVideo = 'https:\/\/www.riadm.ca\/wp-content\/plugins\/easy-video-player\/lib\/blank.mp4';  \r\n    <\/script><\/p>\n<h3><span style=\"color: #000000\"><a style=\"color: #000000\" href=\"https:\/\/www.riadm.ca\/wp-content\/uploads\/2022\/03\/PV-seance-extra-6-janvier-2022.pdf\" target=\"_blank\" rel=\"noopener\">Voir PV s\u00e9ance extra 6 janvier 2022 en format PDF<\/a><\/span><\/h3>\n<hr \/>\n<h3>S\u00e9ance extraordinaire RIADM 28 F\u00e9vrier 2022<\/h3>\n<div style=\"max-width:640px;\">        \r\n    <video id=\"plyr69de1a7d095db\" controls class=\"easy-video-player\">\r\n       <source src=\"https:\/\/www.riadm.ca\/wp-content\/uploads\/2022\/03\/Seance-extraordinaire-RIADM-28-fevrier-2022.mp4\" type=\"video\/mp4\" \/>\r\n    <\/video>\r\n    <\/div>    <script>\r\n        const evplayerplyr69de1a7d095db = new Plyr(document.getElementById('plyr69de1a7d095db'));\r\n        evplayerplyr69de1a7d095db.ratio = '16:9';\r\n        evplayerplyr69de1a7d095db.iconUrl = 'https:\/\/www.riadm.ca\/wp-content\/plugins\/easy-video-player\/lib\/plyr.svg';\r\n        evplayerplyr69de1a7d095db.blankVideo = 'https:\/\/www.riadm.ca\/wp-content\/plugins\/easy-video-player\/lib\/blank.mp4';  \r\n    <\/script><\/p>\n<h3><span style=\"color: #000000\"><a style=\"color: #000000\" href=\"https:\/\/www.riadm.ca\/wp-content\/uploads\/2022\/03\/PV-seance-extra-28-fevrier-2022.pdf\" target=\"_blank\" rel=\"noopener\">Voir PV s\u00e9ance extra 28 f\u00e9vrier 2022 en format PDF<\/a><\/span><\/h3>\n<hr \/>\n<h3><a href=\"https:\/\/www.riadm.ca\/wp-content\/uploads\/2022\/05\/PV-seance-extra-7-avril-2022.pdf\" target=\"_blank\" rel=\"noopener\"><span style=\"color: #000000\">Voir PV s\u00e9ance extra 7 avril 2022 en\u00a0format PDF<\/span><\/a><\/h3>\n<hr \/>\n<h3><a href=\"https:\/\/www.riadm.ca\/wp-content\/uploads\/2022\/10\/PV-seance-extra-7-septembre-2022.pdf\"><span style=\"color: #000000\">Voir PV s\u00e9ance extra 7 septembre 2022 en format PDF<\/span>\u00a0<\/a><\/h3>\n<hr \/>\n<h3><span style=\"color: #000000\"><a style=\"color: #000000\" href=\"https:\/\/www.riadm.ca\/wp-content\/uploads\/2022\/10\/PV-seance-extra-29-septembre-2022.pdf\">Voir PV s\u00e9ance extra 29 septembre 2022 en format PDF<\/a><\/span><\/h3>\n<hr \/>\n<h3><span style=\"color: #000000\"><a style=\"color: #000000\" href=\"https:\/\/www.riadm.ca\/wp-content\/uploads\/2022\/12\/PV-seance-extra-27-octobre-2022.pdf\">Voir PV s\u00e9ance extra 27 octobre 2022 en format PDF<\/a><\/span><\/h3>\n<hr \/>\n\t\t\t<\/div>\n\t\t<\/div>\n\t\t\t<div class=\"sow-tabs-panel\">\n\t\t\t<div\n\t\t\t\tclass=\"sow-tabs-panel-content\"\n\t\t\t\trole=\"tabpanel\"\n\t\t\t\taria-hidden=\"true\"\n\t\t\t>\n\t\t\t\t<h3>S\u00e9ance extraordinaire RIADM 1er avril 2021<\/h3>\n<div style=\"max-width:640px;\">        \r\n    <video id=\"plyr69de1a7d0961b\" controls class=\"easy-video-player\">\r\n       <source src=\"https:\/\/www.riadm.ca\/wp-content\/uploads\/2021\/04\/Seance-extraordinaire-RIADM-20210401_171203-Meeting-Recording.mp4\" type=\"video\/mp4\" \/>\r\n    <\/video>\r\n    <\/div>    <script>\r\n        const evplayerplyr69de1a7d0961b = new Plyr(document.getElementById('plyr69de1a7d0961b'));\r\n        evplayerplyr69de1a7d0961b.ratio = '16:9';\r\n        evplayerplyr69de1a7d0961b.iconUrl = 'https:\/\/www.riadm.ca\/wp-content\/plugins\/easy-video-player\/lib\/plyr.svg';\r\n        evplayerplyr69de1a7d0961b.blankVideo = 'https:\/\/www.riadm.ca\/wp-content\/plugins\/easy-video-player\/lib\/blank.mp4';  \r\n    <\/script><\/p>\n<hr \/>\n<h3 style=\"text-align: left\">S\u00e9ance extraordinaire RIADM 27 avril 2021<\/h3>\n<div style=\"max-width:640px;\">        \r\n    <video id=\"plyr69de1a7d0965f\" controls class=\"easy-video-player\">\r\n       <source src=\"https:\/\/www.riadm.ca\/wp-content\/uploads\/2021\/04\/Seance-extraordinaire-RIADM-20210427_140347-Meeting-Recording.mp4\" type=\"video\/mp4\" \/>\r\n    <\/video>\r\n    <\/div>    <script>\r\n        const evplayerplyr69de1a7d0965f = new Plyr(document.getElementById('plyr69de1a7d0965f'));\r\n        evplayerplyr69de1a7d0965f.ratio = '16:9';\r\n        evplayerplyr69de1a7d0965f.iconUrl = 'https:\/\/www.riadm.ca\/wp-content\/plugins\/easy-video-player\/lib\/plyr.svg';\r\n        evplayerplyr69de1a7d0965f.blankVideo = 'https:\/\/www.riadm.ca\/wp-content\/plugins\/easy-video-player\/lib\/blank.mp4';  \r\n    <\/script><\/p>\n<hr \/>\n<h3>S\u00e9ance extraordinaire RIADM 07 mai 2021<\/h3>\n<div style=\"max-width:640px;\">        \r\n    <video id=\"plyr69de1a7d096a3\" controls class=\"easy-video-player\">\r\n       <source src=\"https:\/\/www.riadm.ca\/wp-content\/uploads\/2021\/05\/Rencontre-extraordinaire-RIADM-vendredi-7-mai-20210507_140227-Meeting-Recording.mp4\" type=\"video\/mp4\" \/>\r\n    <\/video>\r\n    <\/div>    <script>\r\n        const evplayerplyr69de1a7d096a3 = new Plyr(document.getElementById('plyr69de1a7d096a3'));\r\n        evplayerplyr69de1a7d096a3.ratio = '16:9';\r\n        evplayerplyr69de1a7d096a3.iconUrl = 'https:\/\/www.riadm.ca\/wp-content\/plugins\/easy-video-player\/lib\/plyr.svg';\r\n        evplayerplyr69de1a7d096a3.blankVideo = 'https:\/\/www.riadm.ca\/wp-content\/plugins\/easy-video-player\/lib\/blank.mp4';  \r\n    <\/script><\/p>\n<hr \/>\n<p>&nbsp;<\/p>\n<h3>S\u00e9ance extraordinaire 29 septembre 2021<\/h3>\n<p><!--[if lt IE 9]><script>document.createElement('audio');<\/script><![endif]-->\n<audio class=\"wp-audio-shortcode\" id=\"audio-6504-1\" preload=\"none\" style=\"width: 100%;\" controls=\"controls\"><source type=\"audio\/mpeg\" src=\"https:\/\/www.riadm.ca\/wp-content\/uploads\/2021\/10\/Se\u0301ance-extraordinaire-RIADM-29-septembre-2021.m4a?_=1\" \/><a href=\"https:\/\/www.riadm.ca\/wp-content\/uploads\/2021\/10\/Se\u0301ance-extraordinaire-RIADM-29-septembre-2021.m4a\">https:\/\/www.riadm.ca\/wp-content\/uploads\/2021\/10\/Se\u0301ance-extraordinaire-RIADM-29-septembre-2021.m4a<\/a><\/audio><\/p>\n<hr \/>\n<h3><span style=\"color: #000000\"><a style=\"color: #000000\" href=\"https:\/\/www.riadm.ca\/wp-content\/uploads\/2022\/05\/PV-seance-extra-29-septembre-2021.pdf\" target=\"_blank\" rel=\"noopener\">Voir PV s\u00e9ance extra 29 septembre 2021 en format PDF<\/a><\/span><\/h3>\n<hr \/>\n<h3><span style=\"color: #000000\"><a style=\"color: #000000\" href=\"https:\/\/www.riadm.ca\/wp-content\/uploads\/2022\/05\/PV-seance-extra-1-avril-2021.pdf\" target=\"_blank\" rel=\"noopener\">Voir PV s\u00e9ance extra 1 avril 2021 en format PDF<\/a><\/span><\/h3>\n<hr \/>\n<h3><span style=\"color: #000000\"><a style=\"color: #000000\" href=\"https:\/\/www.riadm.ca\/wp-content\/uploads\/2022\/05\/PV-seance-extra-27-avril-2021.pdf\" target=\"_blank\" rel=\"noopener\">Voir PV s\u00e9ance extra 27 avril 2021 en format PDF<\/a><\/span><\/h3>\n<hr \/>\n<h3><span style=\"color: #000000\"><a style=\"color: #000000\" href=\"https:\/\/www.riadm.ca\/wp-content\/uploads\/2022\/05\/PV-seance-extra-7-mai-2021.pdf\" target=\"_blank\" rel=\"noopener\">Voir PV s\u00e9ance extra 7 mai 2021 en format PDF<\/a><\/span><\/h3>\n<hr \/>\n<h3><span style=\"color: #000000\"><a style=\"color: #000000\" href=\"https:\/\/www.riadm.ca\/wp-content\/uploads\/2021\/10\/Pv-seance-extra-28-juillet-2021.pdf\">Voir Pv s\u00e9ance extra 28 juillet 2021 en format PDF<\/a><\/span><\/h3>\n<hr \/>\n<h3><span style=\"color: #000000\"><a style=\"color: #000000\" href=\"https:\/\/www.riadm.ca\/wp-content\/uploads\/2021\/10\/PV-seance-extra-10-aout-2021.pdf\" target=\"_blank\" rel=\"noopener\">Voir Pv s\u00e9ance extra 10 ao\u00fbt 2021 en format PDF<\/a><\/span><\/h3>\n<p>&nbsp;<\/p>\n<hr \/>\n<p>&nbsp;<\/p>\n<p>&nbsp;<\/p>\n\t\t\t<\/div>\n\t\t<\/div>\n\t\t\t<div class=\"sow-tabs-panel\">\n\t\t\t<div\n\t\t\t\tclass=\"sow-tabs-panel-content\"\n\t\t\t\trole=\"tabpanel\"\n\t\t\t\taria-hidden=\"true\"\n\t\t\t>\n\t\t\t\t<h3>2 juillet 2020 en conf\u00e9rence audio <a href=\"https:\/\/www.riadm.ca\/wp-content\/uploads\/2020\/07\/S\u00e9ance-extraordinaire-2-juillet-2020.m4a\">Cliquez ici<\/a><\/h3>\n<p>&nbsp;<\/p>\n<hr \/>\n<p>&nbsp;<\/p>\n<h3>25 septembre 2020 en conf\u00e9rence audio <a href=\"https:\/\/www.riadm.ca\/wp-content\/uploads\/2020\/09\/seance-extraordinaire_2020-09-25.mp3\" target=\"_blank\" rel=\"noopener noreferrer\">Cliquez ici<\/a><\/h3>\n<p>&nbsp;<\/p>\n<hr \/>\n<p>&nbsp;<\/p>\n\t\t\t<\/div>\n\t\t<\/div>\n\t\t<\/div>\n<\/div>\n<\/div><\/div><\/div><\/div><div id=\"pg-6504-1\"  class=\"panel-grid panel-no-style\" ><div id=\"pgc-6504-1-0\"  class=\"panel-grid-cell\" ><div id=\"panel-6504-1-0-0\" class=\"widget_text so-panel widget widget_custom_html panel-first-child panel-last-child\" data-index=\"1\" ><div class=\"textwidget custom-html-widget\"><style>\n\t.wp-video, .mejs-overlay .wp-video-shortcode .mejs-container {width:440px!important; height: 250px!important; }\n\t\n<\/style><\/div><\/div><\/div><\/div><\/div>","protected":false},"excerpt":{"rendered":"<p>2026 2025 2024 2023 2022 2021 2020 Voir PV s\u00e9ance extraordinaire 28 mars 2025 en format PDF Voir PV s\u00e9ance extraordinaire 2 juillet 2025 en format PDF Voir PV s\u00e9ance extraordinaire 4 d\u00e9cembre 2025 en format PDF Voir PV s\u00e9ance extraordinaire 8 avril 2024 en format PDF Voir PV s\u00e9ance extraordinaire 23 juillet 2024 en [&hellip;]<\/p>\n","protected":false},"author":1,"featured_media":0,"parent":0,"menu_order":0,"comment_status":"closed","ping_status":"closed","template":"","meta":[],"_links":{"self":[{"href":"https:\/\/www.riadm.ca\/index.php\/wp-json\/wp\/v2\/pages\/6504"}],"collection":[{"href":"https:\/\/www.riadm.ca\/index.php\/wp-json\/wp\/v2\/pages"}],"about":[{"href":"https:\/\/www.riadm.ca\/index.php\/wp-json\/wp\/v2\/types\/page"}],"author":[{"embeddable":true,"href":"https:\/\/www.riadm.ca\/index.php\/wp-json\/wp\/v2\/users\/1"}],"replies":[{"embeddable":true,"href":"https:\/\/www.riadm.ca\/index.php\/wp-json\/wp\/v2\/comments?post=6504"}],"version-history":[{"count":92,"href":"https:\/\/www.riadm.ca\/index.php\/wp-json\/wp\/v2\/pages\/6504\/revisions"}],"predecessor-version":[{"id":9075,"href":"https:\/\/www.riadm.ca\/index.php\/wp-json\/wp\/v2\/pages\/6504\/revisions\/9075"}],"wp:attachment":[{"href":"https:\/\/www.riadm.ca\/index.php\/wp-json\/wp\/v2\/media?parent=6504"}],"curies":[{"name":"wp","href":"https:\/\/api.w.org\/{rel}","templated":true}]}}