{"id":3011,"date":"2020-09-11T09:01:52","date_gmt":"2020-09-11T13:01:52","guid":{"rendered":"https:\/\/www.riadm.ca\/?page_id=3011"},"modified":"2026-03-16T13:51:24","modified_gmt":"2026-03-16T17:51:24","slug":"question-ou-signalement","status":"publish","type":"page","link":"https:\/\/www.riadm.ca\/index.php\/question-ou-signalement\/","title":{"rendered":"Question ou signalement"},"content":{"rendered":"<h2 style=\"text-align: right;\"><a href=\"https:\/\/www.riadm.ca\/index.php\/2020\/06\/02\/avis-dodeurs\/\"><strong><span style=\"color: #008000;\">*AVIS D&#8217;ODEURS<\/span><\/strong><span style=\"color: #008000;\">\u00a0cliquez ici<\/span><\/a><\/h2>\n<h5><\/h5>\n<h5><\/h5>\n<h1>Pour toutes questions ou signalements de nuisances en lien avec les diff\u00e9rentes op\u00e9rations du LET Lachute, vous pouvez composer le 450-562-0779 ou envoyez un courriel d\u00e9taill\u00e9 \u00e0 l\u2019adresse<\/h1>\n<h3><a href=\"mailto:achateau@wm.com\">achateau@wm.com<\/a><\/h3>\n","protected":false},"excerpt":{"rendered":"<p>*AVIS D&#8217;ODEURS\u00a0cliquez ici Pour toutes questions ou signalements de nuisances en lien avec les diff\u00e9rentes op\u00e9rations du LET Lachute, vous pouvez composer le 450-562-0779 ou envoyez un courriel d\u00e9taill\u00e9 \u00e0 l\u2019adresse achateau@wm.com<\/p>\n","protected":false},"author":1,"featured_media":0,"parent":0,"menu_order":0,"comment_status":"closed","ping_status":"closed","template":"","meta":[],"_links":{"self":[{"href":"https:\/\/www.riadm.ca\/index.php\/wp-json\/wp\/v2\/pages\/3011"}],"collection":[{"href":"https:\/\/www.riadm.ca\/index.php\/wp-json\/wp\/v2\/pages"}],"about":[{"href":"https:\/\/www.riadm.ca\/index.php\/wp-json\/wp\/v2\/types\/page"}],"author":[{"embeddable":true,"href":"https:\/\/www.riadm.ca\/index.php\/wp-json\/wp\/v2\/users\/1"}],"replies":[{"embeddable":true,"href":"https:\/\/www.riadm.ca\/index.php\/wp-json\/wp\/v2\/comments?post=3011"}],"version-history":[{"count":7,"href":"https:\/\/www.riadm.ca\/index.php\/wp-json\/wp\/v2\/pages\/3011\/revisions"}],"predecessor-version":[{"id":9080,"href":"https:\/\/www.riadm.ca\/index.php\/wp-json\/wp\/v2\/pages\/3011\/revisions\/9080"}],"wp:attachment":[{"href":"https:\/\/www.riadm.ca\/index.php\/wp-json\/wp\/v2\/media?parent=3011"}],"curies":[{"name":"wp","href":"https:\/\/api.w.org\/{rel}","templated":true}]}}