{"id":2113,"date":"2020-02-17T17:51:29","date_gmt":"2020-02-17T16:51:29","guid":{"rendered":"https:\/\/www.riadm.ca\/?page_id=2113"},"modified":"2020-02-17T20:20:57","modified_gmt":"2020-02-17T19:20:57","slug":"recuperation-des-pneus-uses","status":"publish","type":"page","link":"https:\/\/www.riadm.ca\/index.php\/nos-activites-2\/recuperation-des-pneus-uses\/","title":{"rendered":"R\u00e9cup\u00e9ration des pneus us\u00e9s"},"content":{"rendered":"<h1>Programme qu\u00e9b\u00e9cois de gestion int\u00e9gr\u00e9e des pneus hors d&#8217;usage<\/h1>\n<p>&nbsp;<\/p>\n<h3>Tous les citoyens des <a href=\"https:\/\/www.riadm.ca\/index.php\/2020\/01\/14\/municipalites-membres-de-la-regie-intermunicipale-argenteuil-deux-montagnes\/\" target=\"_blank\" rel=\"noopener noreferrer\">4 municipalit\u00e9s membres<\/a> de la R\u00e9gie Intermunicipale Argenteuil Deux-Montagnes peuvent venir porter leurs pneus hors d&#8217;usage au site de d\u00e9p\u00f4t des pneus us\u00e9s situ\u00e9 au m\u00eame endroit que le <a href=\"https:\/\/www.google.com\/maps\/place\/507+Rue+Catherine,+Lachute,+QC+J8H+1G9\/@45.6523538,-74.3315169,17z\/data=!3m1!4b1!4m5!3m4!1s0x4ccedbce4ca5d109:0x919a137958e49cfa!8m2!3d45.6523538!4d-74.3293282\" target=\"_blank\" rel=\"noopener noreferrer\">site de d\u00e9p\u00f4t permanent de RDD de la RIADM.<\/a><\/h3>\n<h3><\/h3>\n<p>&nbsp;<\/p>\n<h3><strong>Pour \u00eatre accept\u00e9s:<\/strong><\/h3>\n<h3><strong>&#8211; Pneu hors d\u2019usage d\u2019automobile ayant un diam\u00e8tre de jante entre 30,48 cm (12 pouces) et 62,23 cm (24,5 pouces) inclusivement et un diam\u00e8tre hors tout, soit le diam\u00e8tre global, de 83,82 cm (33 pouces) et moins.<\/strong><\/h3>\n<h3><strong>&#8211; Pneu hors d\u2019usage de camion ayant un diam\u00e8tre de jante entre 43,18 cm (17 pouces) et 62,23 cm (24,5 pouces) inclusivement et un diam\u00e8tre hors tout de 123,19 cm (48,5 pouces) et moins.\u00a0<\/strong><\/h3>\n<p>&nbsp;<\/p>\n<h3>Pour la r\u00e9cup\u00e9ration des pneus ayant un diam\u00e8tre sup\u00e9rieur \u00e0 48,5 po, nous vous invitons \u00e0 communiquer avec votre d\u00e9taillant ou <a href=\"https:\/\/www.recyc-quebec.gouv.qc.ca\/sites\/default\/files\/documents\/liste-recycleurs-pneus.pdf\" target=\"_blank\" rel=\"noopener noreferrer\">Recyc-Qu\u00e9bec<\/a> pour conna\u00eetre la marche \u00e0 suivre.<\/h3>\n<p>&nbsp;<\/p>\n<h3>Les garages, concessionnaires et d\u00e9taillants ont l&#8217;obligation de reprendre les vieux pneus, et ce tout \u00e0 fait gratuitement puisque les frais de ce programme sont d\u00e9j\u00e0 couverts par un montant r\u00e9cup\u00e9r\u00e9 lors de l&#8217;achat des pneus. Chaque garage, concessionnaire et d\u00e9taillant peut donc gratuitement adh\u00e9rer au programme et en faire b\u00e9n\u00e9ficier les citoyens.<\/h3>\n<p>&nbsp;<\/p>\n<h3>Pour contrer les d\u00e9p\u00f4ts illicites de pneus us\u00e9s sur son territoire, la RIADM r\u00e9alisait de 1994 \u00e0 2002 une collecte annuelle porte-\u00e0-porte de pneus us\u00e9s sur son territoire.\u00a0\u00a0Depuis 2003, les citoyens pouvaient acheminer leurs vieux pneus au d\u00e9p\u00f4t permanent de RDD de la RIADM en m\u00eame temps que leurs r\u00e9sidus dangereux. Tous les pneus r\u00e9cup\u00e9r\u00e9s sont tri\u00e9s par cat\u00e9gorie et achemin\u00e9s vers une installation de traitement ou d&#8217;entreposage pour des fins de r\u00e9utilisation, recyclage ou valorisation.<\/h3>\n<h3><\/h3>\n<p>&nbsp;<\/p>\n<p><a href=\"https:\/\/www.recyc-quebec.gouv.qc.ca\/\" target=\"_blank\" rel=\"noopener noreferrer\"><img loading=\"lazy\" class=\"alignnone size-medium wp-image-2121\" src=\"https:\/\/www.riadm.ca\/wp-content\/uploads\/2020\/02\/recyc-quebec-logo-300x71.png\" alt=\"\" width=\"300\" height=\"71\" srcset=\"https:\/\/www.riadm.ca\/wp-content\/uploads\/2020\/02\/recyc-quebec-logo-300x71.png 300w, https:\/\/www.riadm.ca\/wp-content\/uploads\/2020\/02\/recyc-quebec-logo.png 354w\" sizes=\"(max-width: 300px) 100vw, 300px\" \/><\/a><\/p>\n","protected":false},"excerpt":{"rendered":"<p>Programme qu\u00e9b\u00e9cois de gestion int\u00e9gr\u00e9e des pneus hors d&#8217;usage &nbsp; Tous les citoyens des 4 municipalit\u00e9s membres de la R\u00e9gie Intermunicipale Argenteuil Deux-Montagnes peuvent venir porter leurs pneus hors d&#8217;usage au site de d\u00e9p\u00f4t des pneus us\u00e9s situ\u00e9 au m\u00eame endroit que le site de d\u00e9p\u00f4t permanent de RDD de la RIADM. &nbsp; Pour \u00eatre [&hellip;]<\/p>\n","protected":false},"author":1,"featured_media":0,"parent":121,"menu_order":0,"comment_status":"closed","ping_status":"closed","template":"","meta":[],"_links":{"self":[{"href":"https:\/\/www.riadm.ca\/index.php\/wp-json\/wp\/v2\/pages\/2113"}],"collection":[{"href":"https:\/\/www.riadm.ca\/index.php\/wp-json\/wp\/v2\/pages"}],"about":[{"href":"https:\/\/www.riadm.ca\/index.php\/wp-json\/wp\/v2\/types\/page"}],"author":[{"embeddable":true,"href":"https:\/\/www.riadm.ca\/index.php\/wp-json\/wp\/v2\/users\/1"}],"replies":[{"embeddable":true,"href":"https:\/\/www.riadm.ca\/index.php\/wp-json\/wp\/v2\/comments?post=2113"}],"version-history":[{"count":19,"href":"https:\/\/www.riadm.ca\/index.php\/wp-json\/wp\/v2\/pages\/2113\/revisions"}],"predecessor-version":[{"id":2118,"href":"https:\/\/www.riadm.ca\/index.php\/wp-json\/wp\/v2\/pages\/2113\/revisions\/2118"}],"up":[{"embeddable":true,"href":"https:\/\/www.riadm.ca\/index.php\/wp-json\/wp\/v2\/pages\/121"}],"wp:attachment":[{"href":"https:\/\/www.riadm.ca\/index.php\/wp-json\/wp\/v2\/media?parent=2113"}],"curies":[{"name":"wp","href":"https:\/\/api.w.org\/{rel}","templated":true}]}}