{"id":2,"date":"2017-01-09T14:27:02","date_gmt":"2017-01-09T13:27:02","guid":{"rendered":"http:\/\/207.253.81.76\/?page_id=2"},"modified":"2026-01-08T14:40:41","modified_gmt":"2026-01-08T19:40:41","slug":"page-d-exemple-2","status":"publish","type":"page","link":"https:\/\/www.riadm.ca\/index.php\/page-d-exemple-2\/","title":{"rendered":"Proc\u00e8s-verbaux s\u00e9ance r\u00e9guli\u00e8re"},"content":{"rendered":"<div id=\"pl-2\"  class=\"panel-layout\" ><div id=\"pg-2-0\"  class=\"panel-grid panel-no-style\" ><div id=\"pgc-2-0-0\"  class=\"panel-grid-cell panel-grid-cell-mobile-last\" ><div id=\"panel-2-0-0-0\" class=\"so-panel widget widget_sow-editor panel-first-child panel-last-child\" data-index=\"0\" ><div\n\t\t\t\n\t\t\tclass=\"so-widget-sow-editor so-widget-sow-editor-base\"\n\t\t\t\n\t\t>\n<div class=\"siteorigin-widget-tinymce textwidget\">\n\t<h2>Proc\u00e8s verbaux<\/h2>\n<h5><a href=\"https:\/\/www.riadm.ca\/index.php\/2026\/01\/08\/riadm-proces-verbaux-2026\/\">2026<\/a><\/h5>\n<h5><a href=\"https:\/\/www.riadm.ca\/index.php\/2025\/04\/02\/riadm-proces-verbaux-2025-2\" target=\"_blank\" rel=\"noopener\">2025<\/a><\/h5>\n<h5><a href=\"https:\/\/www.riadm.ca\/index.php\/2024\/04\/30\/riadm-proces-verbaux-2024\/\" target=\"_blank\" rel=\"noopener\">2024<\/a><\/h5>\n<h5><a href=\"https:\/\/www.riadm.ca\/index.php\/2023\/04\/13\/riadm-proces-verbaux-2023\/\" target=\"_blank\" rel=\"noopener\">2023<\/a><\/h5>\n<h5><a href=\"https:\/\/www.riadm.ca\/index.php\/2022\/02\/23\/riadm-proces-verbaux-2022\/\">2022<\/a><\/h5>\n<h5><a href=\"https:\/\/www.riadm.ca\/index.php\/2021\/02\/23\/riadm-proces-verbaux-2020-2\/\">2021<\/a><\/h5>\n<h5><a href=\"https:\/\/www.riadm.ca\/index.php\/2020\/03\/10\/riadm-proces-verbaux-2020\/\" rel=\"noopener\">2020<\/a><\/h5>\n<h5><a href=\"https:\/\/www.riadm.ca\/wp-content\/uploads\/2020\/03\/2019.pdf\" target=\"_blank\" rel=\"noopener\">2019<\/a><\/h5>\n<h5><a href=\"https:\/\/www.riadm.ca\/wp-content\/uploads\/2020\/01\/proc\u00e8s-verbaux-2018.pdf\" target=\"_blank\" rel=\"noopener\">2018<\/a><\/h5>\n<h5><a href=\"https:\/\/www.riadm.ca\/wp-content\/uploads\/2020\/01\/proc\u00e8s-verbaux-2017.pdf\" target=\"_blank\" rel=\"noopener\">2017<\/a><\/h5>\n<h5><a href=\"https:\/\/www.riadm.ca\/wp-content\/uploads\/2020\/01\/proc\u00e8s-verbaux-2016.pdf\" target=\"_blank\" rel=\"noopener\">2016<\/a><\/h5>\n<h5><a href=\"https:\/\/www.riadm.ca\/wp-content\/uploads\/2020\/01\/proc\u00e8s-verbaux-2015.pdf\" target=\"_blank\" rel=\"noopener\">2015<\/a><\/h5>\n<h5><a href=\"https:\/\/www.riadm.ca\/wp-content\/uploads\/2020\/01\/proc\u00e8s-verbaux-2014.pdf\" target=\"_blank\" rel=\"noopener\">2014<\/a><\/h5>\n<h5><\/h5>\n<\/div>\n<\/div><\/div><\/div><div id=\"pgc-2-0-1\"  class=\"panel-grid-cell panel-grid-cell-empty\" ><\/div><\/div><\/div>","protected":false},"excerpt":{"rendered":"<p>Proc\u00e8s verbaux 2026 2025 2024 2023 2022 2021 2020 2019 2018 2017 2016 2015 2014<\/p>\n","protected":false},"author":1,"featured_media":0,"parent":0,"menu_order":0,"comment_status":"closed","ping_status":"open","template":"","meta":[],"_links":{"self":[{"href":"https:\/\/www.riadm.ca\/index.php\/wp-json\/wp\/v2\/pages\/2"}],"collection":[{"href":"https:\/\/www.riadm.ca\/index.php\/wp-json\/wp\/v2\/pages"}],"about":[{"href":"https:\/\/www.riadm.ca\/index.php\/wp-json\/wp\/v2\/types\/page"}],"author":[{"embeddable":true,"href":"https:\/\/www.riadm.ca\/index.php\/wp-json\/wp\/v2\/users\/1"}],"replies":[{"embeddable":true,"href":"https:\/\/www.riadm.ca\/index.php\/wp-json\/wp\/v2\/comments?post=2"}],"version-history":[{"count":63,"href":"https:\/\/www.riadm.ca\/index.php\/wp-json\/wp\/v2\/pages\/2\/revisions"}],"predecessor-version":[{"id":9006,"href":"https:\/\/www.riadm.ca\/index.php\/wp-json\/wp\/v2\/pages\/2\/revisions\/9006"}],"wp:attachment":[{"href":"https:\/\/www.riadm.ca\/index.php\/wp-json\/wp\/v2\/media?parent=2"}],"curies":[{"name":"wp","href":"https:\/\/api.w.org\/{rel}","templated":true}]}}