{"id":18,"date":"2017-01-09T16:36:17","date_gmt":"2017-01-09T15:36:17","guid":{"rendered":"http:\/\/207.253.81.76\/?page_id=18"},"modified":"2026-03-24T09:39:31","modified_gmt":"2026-03-24T13:39:31","slug":"contact","status":"publish","type":"page","link":"https:\/\/www.riadm.ca\/index.php\/contact\/","title":{"rendered":"Nous joindre"},"content":{"rendered":"<p>[vc_row][vc_column width=&#8221;1\/2&#8243;][vc_column_text]<\/p>\n<h1><strong>R\u00e9gie intermunicipale\u00a0 \u00a0 \u00a0 \u00a0 \u00a0 \u00a0 \u00a0 \u00a0 \u00a0 \u00a0 \u00a0 \u00a0 Argenteuil Deux-Montagnes<\/strong><\/h1>\n<h3>6985, Chemin des Sources<br \/>\nLachute (Qu\u00e9bec) J8H 2C5<\/h3>\n<h3>T\u00e9l\u00e9phone : 450 562-3786<\/h3>\n<h3><span style=\"color: #000000;\">Votre appel sera enregistr\u00e9 \u00e0 des fins de qualit\u00e9 du service \u00e0 la client\u00e8le.<\/span><\/h3>\n<h3>Courriel : <a href=\"mailto:info@riadm.ca\">info@riadm.ca<\/a><\/h3>\n<p><strong><span style=\"color: #000000;\">Pour contacter le responsable de la protection des renseignements personnels:<\/span><\/strong><\/p>\n<p><strong>Isra\u00ebl Kanyinda, directeur g\u00e9n\u00e9ral et secr\u00e9taire-tr\u00e9sorier\u00a0 <a href=\"mailto:israel.kanyinda@riadm.ca\" target=\"_blank\" rel=\"noopener\">israel.kanyinda@riadm.ca <\/a>450-562-3786 poste 5<\/strong><\/p>\n<table border=\"0\" width=\"1031\" cellspacing=\"0\" cellpadding=\"0\">\n<tbody>\n<tr>\n<td id=\"idL2R3\" valign=\"TOP\" bgcolor=\"#ffffff\" width=\"613\"><\/td>\n<\/tr>\n<\/tbody>\n<\/table>\n<p>[\/vc_column_text][\/vc_column][vc_column width=&#8221;1\/2&#8243;][vc_gmaps link=&#8221;#E-8_JTNDaWZyYW1lJTIwc3JjJTNEJTIyaHR0cHMlM0ElMkYlMkZ3d3cuZ29vZ2xlLmNvbSUyRm1hcHMlMkZlbWJlZCUzRnBiJTNEJTIxMW0xOCUyMTFtMTIlMjExbTMlMjExZDU3NDUuNDQ0MjUwOTE1MDA2JTIxMmQtNzQuMjU2MzEyNDAyNzI2MDIlMjEzZDQ1LjYxMTgyMTk4MjYwMTAxJTIxMm0zJTIxMWYwJTIxMmYwJTIxM2YwJTIxM20yJTIxMWkxMDI0JTIxMmk3NjglMjE0ZjEzLjElMjEzbTMlMjExbTIlMjExczB4NGNjZWQwNTc0NzExMzNmMSUyNTNBMHhjYjZlZTdjNTk4NDQ5NGYxJTIxMnM2OTg1JTI1MjBDaGVtLiUyNTIwZGVzJTI1MjBTb3VyY2VzJTI1MkMlMjUyMExhY2h1dGUlMjUyQyUyNTIwUUMlMjUyMEo4SCUyNTIwMkM1JTIxNWUwJTIxM20yJTIxMXNmciUyMTJzY2ElMjE0djE2ODYyMzAwNTE3NzQlMjE1bTIlMjExc2ZyJTIxMnNjYSUyMiUyMHdpZHRoJTNEJTIyNjAwJTIyJTIwaGVpZ2h0JTNEJTIyNDUwJTIyJTIwc3R5bGUlM0QlMjJib3JkZXIlM0EwJTNCJTIyJTIwYWxsb3dmdWxsc2NyZWVuJTNEJTIyJTIyJTIwbG9hZGluZyUzRCUyMmxhenklMjIlMjByZWZlcnJlcnBvbGljeSUzRCUyMm5vLXJlZmVycmVyLXdoZW4tZG93bmdyYWRlJTIyJTNFJTNDJTJGaWZyYW1lJTNF&#8221;][\/vc_column][\/vc_row]<\/p>\n","protected":false},"excerpt":{"rendered":"<p>[vc_row][vc_column width=&#8221;1\/2&#8243;][vc_column_text] R\u00e9gie intermunicipale\u00a0 \u00a0 \u00a0 \u00a0 \u00a0 \u00a0 \u00a0 \u00a0 \u00a0 \u00a0 \u00a0 \u00a0 Argenteuil Deux-Montagnes 6985, Chemin des Sources Lachute (Qu\u00e9bec) J8H 2C5 T\u00e9l\u00e9phone : 450 562-3786 Votre appel sera enregistr\u00e9 \u00e0 des fins de qualit\u00e9 du service \u00e0 la client\u00e8le. Courriel : info@riadm.ca Pour contacter le responsable de la protection des renseignements [&hellip;]<\/p>\n","protected":false},"author":1,"featured_media":193,"parent":0,"menu_order":0,"comment_status":"closed","ping_status":"closed","template":"","meta":[],"_links":{"self":[{"href":"https:\/\/www.riadm.ca\/index.php\/wp-json\/wp\/v2\/pages\/18"}],"collection":[{"href":"https:\/\/www.riadm.ca\/index.php\/wp-json\/wp\/v2\/pages"}],"about":[{"href":"https:\/\/www.riadm.ca\/index.php\/wp-json\/wp\/v2\/types\/page"}],"author":[{"embeddable":true,"href":"https:\/\/www.riadm.ca\/index.php\/wp-json\/wp\/v2\/users\/1"}],"replies":[{"embeddable":true,"href":"https:\/\/www.riadm.ca\/index.php\/wp-json\/wp\/v2\/comments?post=18"}],"version-history":[{"count":44,"href":"https:\/\/www.riadm.ca\/index.php\/wp-json\/wp\/v2\/pages\/18\/revisions"}],"predecessor-version":[{"id":9092,"href":"https:\/\/www.riadm.ca\/index.php\/wp-json\/wp\/v2\/pages\/18\/revisions\/9092"}],"wp:featuredmedia":[{"embeddable":true,"href":"https:\/\/www.riadm.ca\/index.php\/wp-json\/wp\/v2\/media\/193"}],"wp:attachment":[{"href":"https:\/\/www.riadm.ca\/index.php\/wp-json\/wp\/v2\/media?parent=18"}],"curies":[{"name":"wp","href":"https:\/\/api.w.org\/{rel}","templated":true}]}}