{"id":17,"date":"2017-01-09T16:36:17","date_gmt":"2017-01-09T15:36:17","guid":{"rendered":"http:\/\/207.253.81.76\/?page_id=17"},"modified":"2026-01-06T13:59:51","modified_gmt":"2026-01-06T18:59:51","slug":"a-propos-de","status":"publish","type":"page","link":"https:\/\/www.riadm.ca\/index.php\/a-propos-de\/","title":{"rendered":"Qui sommes nous?"},"content":{"rendered":"<p>[vc_row][vc_column][vc_tta_accordion][vc_tta_section title=&#8221;LE CONSEIL D&#8217;ADMINISTRATION&#8221; tab_id=&#8221;1484244423133-c735b2e6-20b0&#8243;][vc_row_inner][vc_column_inner width=&#8221;3\/4&#8243;][vc_column_text]<\/p>\n<h6><strong>Monsieur Stephen Matthews<\/strong><\/h6>\n<h6>Pr\u00e9sident de la RIADM<br \/>\nMaire de la Municipalit\u00e9 de Saint-Andr\u00e9-d&#8217;Argenteuil<\/h6>\n<p>[\/vc_column_text][\/vc_column_inner][\/vc_row_inner][vc_row_inner][vc_column_inner width=&#8221;3\/4&#8243;][vc_column_text]<\/p>\n<h6><strong>Monsieur K\u00e9vin Maurice<\/strong><\/h6>\n<h6>Vice-Pr\u00e9sident de la RIADM<br \/>\nMaire de la Ville de Brownsburg-Chatham<\/h6>\n<p>[\/vc_column_text][\/vc_column_inner][\/vc_row_inner][vc_row_inner][vc_column_inner width=&#8221;3\/4&#8243;][vc_column_text]<\/p>\n<h6><strong>Monsieur Bernard Bigras-Denis<\/strong><\/h6>\n<h6>Administrateur de la RIADM<br \/>\nMaire de la Ville de Lachute<\/h6>\n<p>[\/vc_column_text][\/vc_column_inner][\/vc_row_inner][vc_row_inner][vc_column_inner width=&#8221;3\/4&#8243;][vc_column_text]<\/p>\n<h6><strong>Monsieur Denis Lavigne<\/strong><\/h6>\n<h6>Administrateur de la RIADM<br \/>\nConseiller municipal de la Municipalit\u00e9 de Saint-Placide<\/h6>\n<p>[\/vc_column_text][\/vc_column_inner][\/vc_row_inner][\/vc_tta_section][vc_tta_section title=&#8221;Historique&#8221; tab_id=&#8221;1484244423103-d0f697ea-f74c&#8221;][vc_column_text]<\/p>\n<h5><span style=\"color: #000000;\">La R\u00e9gie Intermunicipale Argenteuil Deux-Montagnes (RIADM) est une corporation municipale active depuis plus de trois d\u00e9cennies dans le domaine de la gestion int\u00e9gr\u00e9e des r\u00e9sidus. La RIADM compte quatre municipalit\u00e9s membres, dont trois de la MRC d&#8217;Argenteuil et une de la MRC Deux-Montagnes. Il s&#8217;agit des villes de Lachute et Brownsburg-Chatham, et des municipalit\u00e9s de Saint-Andr\u00e9-d&#8217;Argenteuil et Saint-Placide.<\/span><\/h5>\n<h3><span style=\"color: #000000;\">Un peu d&#8217;histoire<\/span><\/h3>\n<h5><span style=\"color: #000000;\">Initialement connue sous le nom de Comit\u00e9 d&#8217;enfouissement sanitaire d&#8217;Argenteuil Deux-Montagnes, la RIADM s&#8217;occupait exclusivement d&#8217;enfouissement des mati\u00e8res r\u00e9siduelles jusqu&#8217;au d\u00e9but des ann\u00e9es 1990. Depuis, la RIADM a d\u00e9velopp\u00e9 progressivement toute une gamme d&#8217;activit\u00e9s compl\u00e9mentaires s&#8217;inscrivant dans le concept 3RV-E:<\/span><\/h5>\n<h5><span style=\"color: #000000;\">&#8211; R\u00e9duction \u00e0 la source<\/span><\/h5>\n<h5><span style=\"color: #000000;\">&#8211; R\u00e9utilisation<\/span><\/h5>\n<h5><span style=\"color: #000000;\">&#8211; R\u00e9cup\u00e9ration, valorisation et \u00e9limination<\/span><\/h5>\n<h5><span style=\"color: #000000;\"> Le mod\u00e8le a si bien fonctionn\u00e9 que plusieurs corporations municipales environnantes ont voulu joindre les rangs de la RIADM et c&#8217;est finalement par le biais d&#8217;ententes intermunicipales, tel que la loi le permet, que la collaboration s&#8217;est \u00e9tablie avec pr\u00e8s de soixante-dix municipalit\u00e9s.<\/span><\/h5>\n<h5><span style=\"color: #000000;\">Depuis plusieurs ann\u00e9es maintenant, la RIADM a pris un essor consid\u00e9rable en terme de performance environnementale. D&#8217;ailleurs, en 1996, ses efforts ont \u00e9t\u00e9 soulign\u00e9s par le ministre de l&#8217;Environnement qui lui remettait la mention honorifique du M\u00e9rite environnemental, secteur municipal. La RIADM s&#8217;est \u00e9galement class\u00e9e finaliste au concours Les Ph\u00e9nix de l&#8217;environnement, \u00e9dition 2000.<\/span><\/h5>\n<h3><span style=\"color: #000080;\">Activit\u00e9s:<\/span><\/h3>\n<h5><span style=\"color: #000000;\">Activit\u00e9 feuilles d&#8217;automne<\/span><span style=\"color: #000000;\">, R\u00e9cup\u00e9ration des sapins de No\u00ebl naturels<\/span><\/h5>\n<h3><span style=\"color: #000080;\">Services aux citoyens:<\/span><\/h3>\n<h5><span style=\"color: #000000;\">Distribution et r\u00e9paration de bacs roulants r\u00e9cup\u00e9ration\/compostage, Distribution de bac d&#8217;ordure offert gratuitement au nouvelle construction, La <\/span><span style=\"color: #000000;\">r\u00e9cup\u00e9ration des RDD (peintures, solvants, huiles us\u00e9es, etc.), Le programme\u00a0<\/span><span style=\"color: #000000;\"> d&#8217;aide financi\u00e8re &#8211; couches lavables, L&#8217;\u00e9co-calendrier.<\/span><\/h5>\n<h5><\/h5>\n<p>[\/vc_column_text][\/vc_tta_section][\/vc_tta_accordion][\/vc_column][\/vc_row]<\/p>\n","protected":false},"excerpt":{"rendered":"<p>[vc_row][vc_column][vc_tta_accordion][vc_tta_section title=&#8221;LE CONSEIL D&#8217;ADMINISTRATION&#8221; tab_id=&#8221;1484244423133-c735b2e6-20b0&#8243;][vc_row_inner][vc_column_inner width=&#8221;3\/4&#8243;][vc_column_text] Monsieur Stephen Matthews Pr\u00e9sident de la RIADM Maire de la Municipalit\u00e9 de Saint-Andr\u00e9-d&#8217;Argenteuil [\/vc_column_text][\/vc_column_inner][\/vc_row_inner][vc_row_inner][vc_column_inner width=&#8221;3\/4&#8243;][vc_column_text] Monsieur K\u00e9vin Maurice Vice-Pr\u00e9sident de la RIADM Maire de la Ville de Brownsburg-Chatham [\/vc_column_text][\/vc_column_inner][\/vc_row_inner][vc_row_inner][vc_column_inner width=&#8221;3\/4&#8243;][vc_column_text] Monsieur Bernard Bigras-Denis Administrateur de la RIADM Maire de la Ville de Lachute [\/vc_column_text][\/vc_column_inner][\/vc_row_inner][vc_row_inner][vc_column_inner width=&#8221;3\/4&#8243;][vc_column_text] Monsieur Denis Lavigne Administrateur [&hellip;]<\/p>\n","protected":false},"author":1,"featured_media":193,"parent":0,"menu_order":0,"comment_status":"closed","ping_status":"closed","template":"","meta":[],"_links":{"self":[{"href":"https:\/\/www.riadm.ca\/index.php\/wp-json\/wp\/v2\/pages\/17"}],"collection":[{"href":"https:\/\/www.riadm.ca\/index.php\/wp-json\/wp\/v2\/pages"}],"about":[{"href":"https:\/\/www.riadm.ca\/index.php\/wp-json\/wp\/v2\/types\/page"}],"author":[{"embeddable":true,"href":"https:\/\/www.riadm.ca\/index.php\/wp-json\/wp\/v2\/users\/1"}],"replies":[{"embeddable":true,"href":"https:\/\/www.riadm.ca\/index.php\/wp-json\/wp\/v2\/comments?post=17"}],"version-history":[{"count":86,"href":"https:\/\/www.riadm.ca\/index.php\/wp-json\/wp\/v2\/pages\/17\/revisions"}],"predecessor-version":[{"id":8981,"href":"https:\/\/www.riadm.ca\/index.php\/wp-json\/wp\/v2\/pages\/17\/revisions\/8981"}],"wp:featuredmedia":[{"embeddable":true,"href":"https:\/\/www.riadm.ca\/index.php\/wp-json\/wp\/v2\/media\/193"}],"wp:attachment":[{"href":"https:\/\/www.riadm.ca\/index.php\/wp-json\/wp\/v2\/media?parent=17"}],"curies":[{"name":"wp","href":"https:\/\/api.w.org\/{rel}","templated":true}]}}