{"id":1376,"date":"2019-12-19T22:45:32","date_gmt":"2019-12-19T21:45:32","guid":{"rendered":"https:\/\/www.riadm.ca\/?page_id=1376"},"modified":"2024-12-16T14:48:45","modified_gmt":"2024-12-16T19:48:45","slug":"nouvellesconstructions","status":"publish","type":"page","link":"https:\/\/www.riadm.ca\/index.php\/nos-activites-2\/nouvellesconstructions\/","title":{"rendered":"Nouvelle construction"},"content":{"rendered":"<h4><span style=\"color: #000000;\"><img loading=\"lazy\" class=\"wp-image-1669 alignleft\" src=\"https:\/\/www.riadm.ca\/wp-content\/uploads\/2020\/01\/maison.jpg\" alt=\"\" width=\"73\" height=\"77\" \/>NOUVELLE CONSTRUCTION<\/span><\/h4>\n<hr \/>\n<h3><span style=\"color: #000000;\">La R\u00e9gie Intermunicipale Argenteuil Deux-Montagnes (\u00abRIADM\u00bb) est heureuse d&#8217;offrir un bac vert (enfouissement), aux propri\u00e9taires de nouvelles constructions sur les territoires des municipalit\u00e9s membres (Lachute, Brownsburg-Chatham, Saint-Andr\u00e9-d&#8217;Argenteuil, Saint-Placide).<\/span><\/h3>\n<h3><span style=\"color: #000000;\">Le pr\u00eat d&#8217;un bac brun (compost) et d&#8217;un bac bleu (r\u00e9cup\u00e9ration) par adresse civique est \u00e9galement offert. Ces bacs sont identifi\u00e9s avec le logo de la RIADM et appartiennent \u00e0 celle-ci.<\/span><\/h3>\n<p>&nbsp;<\/p>\n<h3><span style=\"color: #000000;\"><img loading=\"lazy\" class=\"wp-image-1391 alignleft\" src=\"https:\/\/www.riadm.ca\/wp-content\/uploads\/2019\/12\/t\u00e9l\u00e9phone.png\" alt=\"\" width=\"23\" height=\"28\" \/>Pour faire une demande de bacs, une demande de r\u00e9paration, communiquez avec la RIADM au :<\/span><\/h3>\n<h3><span style=\"color: #000000;\">\u00a0 \u00a0 \u00a0 \u00a0 \u00a0 450 562-3786 poste 1<\/span><\/h3>\n<p>&nbsp;<\/p>\n<hr \/>\n<h3><img loading=\"lazy\" class=\"wp-image-1358 alignleft\" src=\"https:\/\/www.riadm.ca\/wp-content\/uploads\/2019\/12\/bacs-bleu-et-brun-3.png\" alt=\"\" width=\"118\" height=\"66\" srcset=\"https:\/\/www.riadm.ca\/wp-content\/uploads\/2019\/12\/bacs-bleu-et-brun-3.png 275w, https:\/\/www.riadm.ca\/wp-content\/uploads\/2019\/12\/bacs-bleu-et-brun-3-272x152.png 272w\" sizes=\"(max-width: 118px) 100vw, 118px\" \/><\/h3>\n<h3><\/h3>\n<h3>Un service de r\u00e9paration sans frais est offert.<span style=\"color: #333333;\">\u00a0<\/span><\/h3>\n<p>&nbsp;<\/p>\n<hr \/>\n<h3><\/h3>\n<h3><img loading=\"lazy\" class=\"wp-image-56 alignleft\" style=\"text-align: center; font-size: 16px;\" src=\"https:\/\/www.riadm.ca\/wp-content\/uploads\/2017\/01\/BAC_VERT.jpg\" alt=\"\" width=\"53\" height=\"59\" \/><\/h3>\n<h3>\u00a0 \u00a0 \u00a0 \u00a0 \u00a0 \u00a0Les bacs verts ou noirs pour l&#8217;enfouissement, sont la propri\u00e9t\u00e9s des citoyens.<\/h3>\n<h3>\u00a0 \u00a0 \u00a0 \u00a0 \u00a0 \u00a0Pour toutes questions, vous devez-vous r\u00e9f\u00e9rer \u00e0 votre municipalit\u00e9\/ville.<\/h3>\n<h6><\/h6>\n<hr \/>\n<h6>\u00a0Vous pouvez suivre le lien ci-bas pour joindre votre municipalit\u00e9 respective.<\/h6>\n<p>&nbsp;<\/p>\n<p><a href=\"https:\/\/www.ville.lachute.qc.ca\/services-en-ligne\/nous-joindre\/\" target=\"_blank\" rel=\"noopener noreferrer\"><img loading=\"lazy\" class=\"alignleft wp-image-255 size-full\" style=\"text-align: center;\" src=\"https:\/\/www.riadm.ca\/wp-content\/uploads\/2017\/03\/Ville-Lachute_Armoiries_120c.jpg\" alt=\"\" width=\"120\" height=\"120\" \/><\/a>\u00a0 \u00a0 \u00a0 \u00a0 <a href=\"http:\/\/www.brownsburgchatham.ca\/pour-nous-joindre\/\" target=\"_blank\" rel=\"noopener noreferrer\"><img loading=\"lazy\" class=\"alignleft wp-image-249 size-full\" src=\"https:\/\/www.riadm.ca\/wp-content\/uploads\/2017\/03\/logo-brownburg-chatham_120c.jpg\" alt=\"\" width=\"120\" height=\"120\" \/><\/a>\u00a0 \u00a0 \u00a0 \u00a0 <a href=\"https:\/\/stada.ca\/nous-joindre\/\" target=\"_blank\" rel=\"noopener noreferrer\"><img loading=\"lazy\" class=\"alignleft wp-image-253 size-full\" style=\"text-align: center;\" src=\"https:\/\/www.riadm.ca\/wp-content\/uploads\/2017\/03\/st-andre-argenteuil_120c.jpg\" alt=\"\" width=\"120\" height=\"120\" \/><\/a>\u00a0 \u00a0 \u00a0 \u00a0 <a href=\"https:\/\/saintplacide.ca\/nous-joindre\/\" target=\"_blank\" rel=\"noopener noreferrer\"><img loading=\"lazy\" class=\"alignleft wp-image-251 size-full\" src=\"https:\/\/www.riadm.ca\/wp-content\/uploads\/2017\/03\/logo-ville-st-placide_120c.jpg\" alt=\"\" width=\"120\" height=\"120\" \/><\/a><\/p>\n<p>&nbsp;<\/p>\n<p>&nbsp;<\/p>\n<p>&nbsp;<\/p>\n<p>&nbsp;<\/p>\n<h3><a href=\"https:\/\/www.riadm.ca\/index.php\/ecocalendriers-2\/\" target=\"_blank\" rel=\"noopener noreferrer\"><img loading=\"lazy\" class=\"wp-image-1207 alignleft\" src=\"https:\/\/www.riadm.ca\/wp-content\/uploads\/2019\/12\/camion-de-d\u00e9chets-300x150.png\" alt=\"\" width=\"94\" height=\"47\" srcset=\"https:\/\/www.riadm.ca\/wp-content\/uploads\/2019\/12\/camion-de-d\u00e9chets-300x150.png 300w, https:\/\/www.riadm.ca\/wp-content\/uploads\/2019\/12\/camion-de-d\u00e9chets-768x384.png 768w, https:\/\/www.riadm.ca\/wp-content\/uploads\/2019\/12\/camion-de-d\u00e9chets.png 960w\" sizes=\"(max-width: 94px) 100vw, 94px\" \/><span style=\"font-size: 16px;\">Nous vous invitons \u00e0 consulter votre \u00c9cocalendrier pour conna\u00eetre les dates de collecte pour votre secteur.<\/span><\/a><\/h3>\n<p>&nbsp;<\/p>\n<p>&nbsp;<\/p>\n<p>&nbsp;<\/p>\n","protected":false},"excerpt":{"rendered":"<p>NOUVELLE CONSTRUCTION La R\u00e9gie Intermunicipale Argenteuil Deux-Montagnes (\u00abRIADM\u00bb) est heureuse d&#8217;offrir un bac vert (enfouissement), aux propri\u00e9taires de nouvelles constructions sur les territoires des municipalit\u00e9s membres (Lachute, Brownsburg-Chatham, Saint-Andr\u00e9-d&#8217;Argenteuil, Saint-Placide). Le pr\u00eat d&#8217;un bac brun (compost) et d&#8217;un bac bleu (r\u00e9cup\u00e9ration) par adresse civique est \u00e9galement offert. Ces bacs sont identifi\u00e9s avec le logo de [&hellip;]<\/p>\n","protected":false},"author":1,"featured_media":0,"parent":121,"menu_order":0,"comment_status":"closed","ping_status":"closed","template":"","meta":[],"_links":{"self":[{"href":"https:\/\/www.riadm.ca\/index.php\/wp-json\/wp\/v2\/pages\/1376"}],"collection":[{"href":"https:\/\/www.riadm.ca\/index.php\/wp-json\/wp\/v2\/pages"}],"about":[{"href":"https:\/\/www.riadm.ca\/index.php\/wp-json\/wp\/v2\/types\/page"}],"author":[{"embeddable":true,"href":"https:\/\/www.riadm.ca\/index.php\/wp-json\/wp\/v2\/users\/1"}],"replies":[{"embeddable":true,"href":"https:\/\/www.riadm.ca\/index.php\/wp-json\/wp\/v2\/comments?post=1376"}],"version-history":[{"count":44,"href":"https:\/\/www.riadm.ca\/index.php\/wp-json\/wp\/v2\/pages\/1376\/revisions"}],"predecessor-version":[{"id":8747,"href":"https:\/\/www.riadm.ca\/index.php\/wp-json\/wp\/v2\/pages\/1376\/revisions\/8747"}],"up":[{"embeddable":true,"href":"https:\/\/www.riadm.ca\/index.php\/wp-json\/wp\/v2\/pages\/121"}],"wp:attachment":[{"href":"https:\/\/www.riadm.ca\/index.php\/wp-json\/wp\/v2\/media?parent=1376"}],"curies":[{"name":"wp","href":"https:\/\/api.w.org\/{rel}","templated":true}]}}