{"id":136,"date":"2017-01-12T16:22:38","date_gmt":"2017-01-12T15:22:38","guid":{"rendered":"http:\/\/207.253.81.76\/?page_id=136"},"modified":"2025-11-27T11:27:16","modified_gmt":"2025-11-27T16:27:16","slug":"recuperation-de-sapins","status":"publish","type":"page","link":"https:\/\/www.riadm.ca\/index.php\/nos-activites-2\/recuperation-de-sapins\/","title":{"rendered":"D\u00e9p\u00f4t des sapins de No\u00ebl naturels"},"content":{"rendered":"<h2><span style=\"color: #008000;\"><img loading=\"lazy\" class=\"wp-image-1616 alignleft\" src=\"https:\/\/www.riadm.ca\/wp-content\/uploads\/2020\/01\/sapin-251x300.png\" alt=\"\" width=\"122\" height=\"146\" srcset=\"https:\/\/www.riadm.ca\/wp-content\/uploads\/2020\/01\/sapin-251x300.png 251w, https:\/\/www.riadm.ca\/wp-content\/uploads\/2020\/01\/sapin.png 450w\" sizes=\"(max-width: 122px) 100vw, 122px\" \/><\/span><\/h2>\n<h2><\/h2>\n<h2><\/h2>\n<h2><span style=\"color: #008000;\">D\u00c9P\u00d4T DES SAPINS DE NO\u00cbL NATURELS<\/span><\/h2>\n<p>&nbsp;<\/p>\n<p>&nbsp;<\/p>\n<p>Depuis 2001, chacune des municipalit\u00e9s membres a mis sur pied un lieu de d\u00e9p\u00f4t permettant aux citoyens de d\u00e9poser leurs sapins de No\u00ebl naturels.<\/p>\n<p>Les arbres ainsi recueillis sont transport\u00e9s directement \u00e0 la plateforme de compostage afin d&#8217;\u00eatre d\u00e9chiquet\u00e9s et utilis\u00e9s comme intrant dans la composition des m\u00e9langes \u00e0 composter.<\/p>\n<p><strong><span style=\"color: #ff0000;\">*Toutes les d\u00e9corations de No\u00ebl doivent \u00eatre enlev\u00e9es car celles-ci sont g\u00e9n\u00e9ralement fait de mati\u00e8res plastiques et non compostable.* <\/span><\/strong><strong>Si vous d\u00e9sirez en disposer, veuillez les apporter au site des R\u00e9sidus Domestiques Dangereux.<\/strong><\/p>\n<p>&nbsp;<\/p>\n<h3>LACHUTE<\/h3>\n<p>Du 6 au 31 janvier 2026, d\u00e9posez vos sapins de No\u00ebl naturels \u00e0 l&#8217;endroit suivant: \u00c9cocentre 875, chemin Bethany<\/p>\n<h3>BROWNSBURG-CHATHAM<\/h3>\n<p>Du 25 d\u00e9cembre 2025 au 30 janvier 2026, d\u00e9posez vos sapins de No\u00ebl naturels \u00e0 l&#8217;endroit suivant: Garage municipal 541, rue des \u00c9rables<\/p>\n<h3>SAINT-ANDR\u00c9-D\u2019ARGENTEUIL<\/h3>\n<p>Du 6 au 31 janvier 2026, d\u00e9posez vos sapins de No\u00ebl naturels \u00e0 l&#8217;endroit suivant: Garage municipal 10, rue de la Mairie<\/p>\n<h3>SAINT-PLACIDE<\/h3>\n<p>Du 5 au 30 janvier 2026, d\u00e9posez vos sapins de No\u00ebl naturels \u00e0 l&#8217;endroit suivant: Garage municipal 289, mont\u00e9e Saint-Vincent<\/p>\n<p>&nbsp;<\/p>\n<h5><\/h5>\n","protected":false},"excerpt":{"rendered":"<p>D\u00c9P\u00d4T DES SAPINS DE NO\u00cbL NATURELS &nbsp; &nbsp; Depuis 2001, chacune des municipalit\u00e9s membres a mis sur pied un lieu de d\u00e9p\u00f4t permettant aux citoyens de d\u00e9poser leurs sapins de No\u00ebl naturels. Les arbres ainsi recueillis sont transport\u00e9s directement \u00e0 la plateforme de compostage afin d&#8217;\u00eatre d\u00e9chiquet\u00e9s et utilis\u00e9s comme intrant dans la composition des [&hellip;]<\/p>\n","protected":false},"author":1,"featured_media":0,"parent":121,"menu_order":0,"comment_status":"closed","ping_status":"closed","template":"","meta":[],"_links":{"self":[{"href":"https:\/\/www.riadm.ca\/index.php\/wp-json\/wp\/v2\/pages\/136"}],"collection":[{"href":"https:\/\/www.riadm.ca\/index.php\/wp-json\/wp\/v2\/pages"}],"about":[{"href":"https:\/\/www.riadm.ca\/index.php\/wp-json\/wp\/v2\/types\/page"}],"author":[{"embeddable":true,"href":"https:\/\/www.riadm.ca\/index.php\/wp-json\/wp\/v2\/users\/1"}],"replies":[{"embeddable":true,"href":"https:\/\/www.riadm.ca\/index.php\/wp-json\/wp\/v2\/comments?post=136"}],"version-history":[{"count":57,"href":"https:\/\/www.riadm.ca\/index.php\/wp-json\/wp\/v2\/pages\/136\/revisions"}],"predecessor-version":[{"id":8939,"href":"https:\/\/www.riadm.ca\/index.php\/wp-json\/wp\/v2\/pages\/136\/revisions\/8939"}],"up":[{"embeddable":true,"href":"https:\/\/www.riadm.ca\/index.php\/wp-json\/wp\/v2\/pages\/121"}],"wp:attachment":[{"href":"https:\/\/www.riadm.ca\/index.php\/wp-json\/wp\/v2\/media?parent=136"}],"curies":[{"name":"wp","href":"https:\/\/api.w.org\/{rel}","templated":true}]}}