{"id":133,"date":"2017-01-12T16:21:19","date_gmt":"2017-01-12T15:21:19","guid":{"rendered":"http:\/\/207.253.81.76\/?page_id=133"},"modified":"2025-11-10T08:28:21","modified_gmt":"2025-11-10T13:28:21","slug":"collecte-de-feuilles","status":"publish","type":"page","link":"https:\/\/www.riadm.ca\/index.php\/nos-activites-2\/collecte-de-feuilles\/","title":{"rendered":"Activit\u00e9 Feuilles d&#8217;automne"},"content":{"rendered":"<h1><\/h1>\n<h1 style=\"text-align: left;\"><span style=\"color: #993300;\">\u00a0 \u00a0 \u00a0 \u00a0 \u00a0 \u00a0 \u00a0 \u00a0<\/span><\/h1>\n<h1><span style=\"color: #993300;\"><img loading=\"lazy\" class=\"wp-image-1600 alignleft\" src=\"https:\/\/www.riadm.ca\/wp-content\/uploads\/2020\/01\/Image4-1-300x260.png\" alt=\"\" width=\"167\" height=\"145\" srcset=\"https:\/\/www.riadm.ca\/wp-content\/uploads\/2020\/01\/Image4-1-300x260.png 300w, https:\/\/www.riadm.ca\/wp-content\/uploads\/2020\/01\/Image4-1.png 590w\" sizes=\"(max-width: 167px) 100vw, 167px\" \/><\/span><\/h1>\n<h1 style=\"text-align: left;\"><span style=\"color: #993300;\">\u00a0\u00a0 \u00a0 \u00a0 \u00a0\u00a0<\/span><\/h1>\n<h1><span style=\"color: #993300;\">\u00a0 \u00a0 \u00a0 \u00a0 <\/span><span style=\"color: #993300;\"><strong>ACTIVIT\u00c9 FEUILLES D&#8217;AUTOMNE<\/strong><\/span><\/h1>\n<p>&nbsp;<\/p>\n<p><span style=\"color: #000000;\">L&#8217;automne arrive, la temp\u00e9rature ext\u00e9rieure diminue progressivement, les feuilles mortes commencent \u00e0 tomber. C&#8217;est le moment propice pour pr\u00e9parer votre terrain pour la saison d&#8217;hiver.<br \/>\n<\/span><\/p>\n<p>Pour vous aider \u00e0 mener \u00e0 bien cet entretien; la R\u00e9gie Intermunicipale Argenteuil Deux-Montagnes est heureuse d&#8217;offrir gratuitement des paquets de sacs papier aux citoyens des quatre municipalit\u00e9s membres :<\/p>\n<p>Lachute, Brownsburg-Chatham, Saint-Andr\u00e9 d&#8217;Argenteuil ainsi que Saint-Placide.<\/p>\n<h5>&#8212; Nous tenons \u00e0 vous informer que les citoyens des municipalit\u00e9s membres recevront 4 paquets de 5 sacs papier au lieu de 2 paquets de 10 sacs papier.<\/h5>\n<ul>\n<li>\n<h5>Votre \u00c9co calendrier contient 2 coupons originaux.<\/h5>\n<\/li>\n<li>\n<h5>\u00c9changeables gratuitement contre 2 paquets de 10 sacs papier<\/h5>\n<\/li>\n<li>\n<h5>Les quantit\u00e9s disponibles pour les paquets sont limit\u00e9es.<\/h5>\n<\/li>\n<li>\n<h5>Notez que les photocopies de coupons ne seront pas accept\u00e9es.<\/h5>\n<\/li>\n<li>\n<h5>Nous vous invitons \u00e0 consulter votre <a href=\"https:\/\/www.riadm.ca\/index.php\/eco-calendriers-2024\/\" target=\"_blank\" rel=\"noopener noreferrer\">\u00c9cocalendrier<\/a> pour conna\u00eetre les points de distribution.<\/h5>\n<\/li>\n<\/ul>\n<h3 style=\"text-align: center;\"><span style=\"color: #ff0000;\"><strong><span style=\"color: #993300;\">La p\u00e9riode pour la r\u00e9cup\u00e9ration des sacs papier s&#8217;\u00e9chelonne du 15 septembre jusqu&#8217;au 7 novembre 2025.\u00a0\u00a0<\/span><\/strong><\/span><\/h3>\n<h5><strong>Soyez inform\u00e9s que les sacs de plastique remplis de Feuilles mortes laiss\u00e9s au bord de la rue, lors des journ\u00e9es de collecte, ne seront pas ramass\u00e9s.<\/strong><\/h5>\n<p>Il s&#8217;av\u00e8re que, les normes actuelles interdisent les sacs en plastique, y compris biod\u00e9gradables.<\/p>\n<p><span style=\"color: #ff6600;\">De l\u00e0 l&#8217;importance d&#8217;utiliser les sacs en papier!<\/span><\/p>\n<p><img loading=\"lazy\" class=\"alignnone wp-image-8141\" src=\"https:\/\/www.riadm.ca\/wp-content\/uploads\/2023\/08\/feuilles_mortes_papier_brun-800x420-1-300x158.png\" alt=\"\" width=\"373\" height=\"196\" srcset=\"https:\/\/www.riadm.ca\/wp-content\/uploads\/2023\/08\/feuilles_mortes_papier_brun-800x420-1-300x158.png 300w, https:\/\/www.riadm.ca\/wp-content\/uploads\/2023\/08\/feuilles_mortes_papier_brun-800x420-1-768x403.png 768w, https:\/\/www.riadm.ca\/wp-content\/uploads\/2023\/08\/feuilles_mortes_papier_brun-800x420-1.png 800w\" sizes=\"(max-width: 373px) 100vw, 373px\" \/><\/p>\n<h2><\/h2>\n<p>Pour toutes informations suppl\u00e9mentaires, veuillez communiquer avec le service \u00e0 la client\u00e8le au : 450-562-3786 poste 1.<\/p>\n<h2><span style=\"color: #ff0000;\">L&#8217;ACTIVIT\u00c9 EST TERMIN\u00c9E.\u00a0<\/span><\/h2>\n","protected":false},"excerpt":{"rendered":"<p>\u00a0 \u00a0 \u00a0 \u00a0 \u00a0 \u00a0 \u00a0 \u00a0 \u00a0\u00a0 \u00a0 \u00a0 \u00a0\u00a0 \u00a0 \u00a0 \u00a0 \u00a0 ACTIVIT\u00c9 FEUILLES D&#8217;AUTOMNE &nbsp; L&#8217;automne arrive, la temp\u00e9rature ext\u00e9rieure diminue progressivement, les feuilles mortes commencent \u00e0 tomber. C&#8217;est le moment propice pour pr\u00e9parer votre terrain pour la saison d&#8217;hiver. Pour vous aider \u00e0 mener \u00e0 bien cet entretien; la [&hellip;]<\/p>\n","protected":false},"author":1,"featured_media":0,"parent":121,"menu_order":0,"comment_status":"closed","ping_status":"closed","template":"","meta":[],"_links":{"self":[{"href":"https:\/\/www.riadm.ca\/index.php\/wp-json\/wp\/v2\/pages\/133"}],"collection":[{"href":"https:\/\/www.riadm.ca\/index.php\/wp-json\/wp\/v2\/pages"}],"about":[{"href":"https:\/\/www.riadm.ca\/index.php\/wp-json\/wp\/v2\/types\/page"}],"author":[{"embeddable":true,"href":"https:\/\/www.riadm.ca\/index.php\/wp-json\/wp\/v2\/users\/1"}],"replies":[{"embeddable":true,"href":"https:\/\/www.riadm.ca\/index.php\/wp-json\/wp\/v2\/comments?post=133"}],"version-history":[{"count":111,"href":"https:\/\/www.riadm.ca\/index.php\/wp-json\/wp\/v2\/pages\/133\/revisions"}],"predecessor-version":[{"id":8935,"href":"https:\/\/www.riadm.ca\/index.php\/wp-json\/wp\/v2\/pages\/133\/revisions\/8935"}],"up":[{"embeddable":true,"href":"https:\/\/www.riadm.ca\/index.php\/wp-json\/wp\/v2\/pages\/121"}],"wp:attachment":[{"href":"https:\/\/www.riadm.ca\/index.php\/wp-json\/wp\/v2\/media?parent=133"}],"curies":[{"name":"wp","href":"https:\/\/api.w.org\/{rel}","templated":true}]}}