{"id":123,"date":"2017-01-12T16:17:05","date_gmt":"2017-01-12T15:17:05","guid":{"rendered":"http:\/\/207.253.81.76\/?page_id=123"},"modified":"2017-08-21T20:48:55","modified_gmt":"2017-08-21T19:48:55","slug":"protegeons-notre-environnement","status":"publish","type":"page","link":"https:\/\/www.riadm.ca\/index.php\/protegeons-notre-environnement\/","title":{"rendered":"Municipalit\u00e9s et partenaires"},"content":{"rendered":"<p>[vc_row][vc_column][vc_column_text]Chacune des municipalit\u00e9s membres de la R\u00e9gie Intermunicipale Argenteuil Deux-Montagnes g\u00e8rent elles-m\u00eame les collectes de d\u00e9chets, recyclage et compost. Vous avez une plainte \u00e0 formuler concernant vos collectes? Communiquez directement avec votre municipalit\u00e9.[\/vc_column_text][vc_tta_accordion active_section=&#8221;0&#8243; collapsible_all=&#8221;true&#8221;][vc_tta_section title=&#8221;Municipalit\u00e9 de Saint-Placide&#8221; tab_id=&#8221;1496346062994-4f740094-4cf5&#8243;][vc_column_text]<a href=\"http:\/\/www.municipalite.saint-placide.qc.ca\/\">http:\/\/www.municipalite.saint-placide.qc.ca\/<\/a><\/p>\n<p><a href=\"https:\/\/www.riadm.ca\/2018\/index.php\/2017\/03\/28\/st-placide-calendrier-2017\/\">Voir \u00e9cocalendrier<\/a>[\/vc_column_text][\/vc_tta_section][vc_tta_section title=&#8221;Municipalit\u00e9 de Saint-Andr\u00e9-d&#8217;Argenteuil&#8221; tab_id=&#8221;1496346063029-188c3a41-27f8&#8243;][vc_column_text]<a href=\"http:\/\/stada.ca\/\">http:\/\/stada.ca\/<\/a><\/p>\n<p><a href=\"https:\/\/www.riadm.ca\/2018\/index.php\/2017\/03\/28\/st-andre-calendrier-2017\/\">Pour voir l&#8217;\u00e9cocalendrier<\/a>[\/vc_column_text][\/vc_tta_section][vc_tta_section title=&#8221;Ville de Lachute&#8221; tab_id=&#8221;1496346284132-8c703fd3-f9f5&#8243;][vc_column_text]<a href=\"http:\/\/www.ville.lachute.qc.ca\/\">http:\/\/www.ville.lachute.qc.ca\/<\/a>[\/vc_column_text][\/vc_tta_section][vc_tta_section title=&#8221;Ville de Brownsburg-Chatham&#8221; tab_id=&#8221;1496346315285-30eb6fc4-faf4&#8243;][vc_column_text]<a href=\"http:\/\/www.brownsburgchatham.ca\/\">http:\/\/www.brownsburgchatham.ca\/<\/a>[\/vc_column_text][\/vc_tta_section][\/vc_tta_accordion][\/vc_column][\/vc_row][vc_row][vc_column][vc_tta_accordion][vc_tta_section title=&#8221;Waste Management Qu\u00e9bec Inc.&#8221; tab_id=&#8221;1496346427000-820553e6-2058&#8243;][vc_column_text][\/vc_column_text][\/vc_tta_section][vc_tta_section title=&#8221;GSI Environnement (division d&#8217;Englobe)&#8221; tab_id=&#8221;1496346427049-1d0fccf8-b508&#8243;][vc_column_text][\/vc_column_text][\/vc_tta_section][vc_tta_section title=&#8221;Lidya \u00c9nergie&#8221; tab_id=&#8221;1496346833943-5f561a2f-5b73&#8243;][vc_column_text]Je suis un bloc de texte, cliquez sur le bouton \\&#8221;\u00e9diter\\&#8221; pour me modifier. Lorem ipsum dolor sit amet, consectetur adipiscing elit. Ut elit tellus, luctus nec ullamcorper mattis, pulvinar dapibus leo.[\/vc_column_text][\/vc_tta_section][vc_tta_section title=&#8221;Tricentris&#8221; tab_id=&#8221;1497378423845-287762a3-dfa1&#8243;][vc_column_text]Tr\u00e8s active dans le dossier de l&#8217;implantation du centre de tri Tricentris qui a vu le jour en 1998, la RIADM a mis sur pied la m\u00eame ann\u00e9e son programme de collecte des mati\u00e8res recyclables pour ses quatre municipalit\u00e9s membres.\u00a0Toutes les deux semaines pour les municipalit\u00e9s de Lachute, Brownsburg-Chatham et Saint-Andr\u00e9-d&#8217;Argenteuil et une fois par mois pour Saint-Placide, cette collecte r\u00e9sidentielle est effectu\u00e9e \u00e0 l&#8217;aide de bacs roulants bleus d&#8217;une capacit\u00e9 de 360 litres et inclut les multi-logements.\u00a0Un contenant compl\u00e9mentaire au bac, le Recyclosac,\u00a0est par ailleurs offert aux citoyens pour\u00a0 faciliter la r\u00e9cup\u00e9ration des mati\u00e8res recyclables \u00e0 l&#8217;int\u00e9rieur de la maison.<\/p>\n<p>Pour conna\u00eetre les types de mati\u00e8res accept\u00e9es par Tricentris, consultez leur site web<a href=\"http:\/\/www.tricentris.com\/les-matieres\/\">\u00a0http:\/\/www.tricentris.com\/les-matieres\/<\/a><\/p>\n<p>&nbsp;<\/p>\n<p><em>Pour plus de renseignements sur la collecte des mati\u00e8res recyclables ou encore pour vous procurer un bac bleu, <\/em><a href=\"https:\/\/www.riadm.ca\/2018\/index.php\/contact\/\" target=\"_blank\" rel=\"noopener\"><em>contactez-nous!<\/em><\/a>[\/vc_column_text][\/vc_tta_section][\/vc_tta_accordion][\/vc_column][\/vc_row]<\/p>\n","protected":false},"excerpt":{"rendered":"<p>[vc_row][vc_column][vc_column_text]Chacune des municipalit\u00e9s membres de la R\u00e9gie Intermunicipale Argenteuil Deux-Montagnes g\u00e8rent elles-m\u00eame les collectes de d\u00e9chets, recyclage et compost. Vous avez une plainte \u00e0 formuler concernant vos collectes? Communiquez directement avec votre municipalit\u00e9.[\/vc_column_text][vc_tta_accordion active_section=&#8221;0&#8243; collapsible_all=&#8221;true&#8221;][vc_tta_section title=&#8221;Municipalit\u00e9 de Saint-Placide&#8221; tab_id=&#8221;1496346062994-4f740094-4cf5&#8243;][vc_column_text]http:\/\/www.municipalite.saint-placide.qc.ca\/ Voir \u00e9cocalendrier[\/vc_column_text][\/vc_tta_section][vc_tta_section title=&#8221;Municipalit\u00e9 de Saint-Andr\u00e9-d&#8217;Argenteuil&#8221; tab_id=&#8221;1496346063029-188c3a41-27f8&#8243;][vc_column_text]http:\/\/stada.ca\/ Pour voir l&#8217;\u00e9cocalendrier[\/vc_column_text][\/vc_tta_section][vc_tta_section title=&#8221;Ville de Lachute&#8221; tab_id=&#8221;1496346284132-8c703fd3-f9f5&#8243;][vc_column_text]http:\/\/www.ville.lachute.qc.ca\/[\/vc_column_text][\/vc_tta_section][vc_tta_section title=&#8221;Ville de Brownsburg-Chatham&#8221; [&hellip;]<\/p>\n","protected":false},"author":1,"featured_media":0,"parent":0,"menu_order":0,"comment_status":"closed","ping_status":"closed","template":"","meta":[],"_links":{"self":[{"href":"https:\/\/www.riadm.ca\/index.php\/wp-json\/wp\/v2\/pages\/123"}],"collection":[{"href":"https:\/\/www.riadm.ca\/index.php\/wp-json\/wp\/v2\/pages"}],"about":[{"href":"https:\/\/www.riadm.ca\/index.php\/wp-json\/wp\/v2\/types\/page"}],"author":[{"embeddable":true,"href":"https:\/\/www.riadm.ca\/index.php\/wp-json\/wp\/v2\/users\/1"}],"replies":[{"embeddable":true,"href":"https:\/\/www.riadm.ca\/index.php\/wp-json\/wp\/v2\/comments?post=123"}],"version-history":[{"count":10,"href":"https:\/\/www.riadm.ca\/index.php\/wp-json\/wp\/v2\/pages\/123\/revisions"}],"predecessor-version":[{"id":392,"href":"https:\/\/www.riadm.ca\/index.php\/wp-json\/wp\/v2\/pages\/123\/revisions\/392"}],"wp:attachment":[{"href":"https:\/\/www.riadm.ca\/index.php\/wp-json\/wp\/v2\/media?parent=123"}],"curies":[{"name":"wp","href":"https:\/\/api.w.org\/{rel}","templated":true}]}}