{"id":1112,"date":"2019-12-16T23:09:43","date_gmt":"2019-12-16T22:09:43","guid":{"rendered":"https:\/\/www.riadm.ca\/?page_id=1112"},"modified":"2025-04-28T16:13:21","modified_gmt":"2025-04-28T20:13:21","slug":"location","status":"publish","type":"page","link":"https:\/\/www.riadm.ca\/index.php\/nos-activites-2\/location\/","title":{"rendered":"BAC SUPPL\u00c9MENTAIRE"},"content":{"rendered":"<h1>BAC SUPPL\u00c9MENTAIRE<\/h1>\n<p><span style=\"color: #000000;\"><span style=\"color: #000000;\">La R\u00e9gie vous offre l&#8217;opportunit\u00e9 d&#8217;obtenir des bacs suppl\u00e9mentaires :<\/span><\/span><\/p>\n<ul>\n<li>Pour un bac brun suppl\u00e9mentaire, le d\u00e9p\u00f4t en garantie est de 123.37$ tx incl.<\/li>\n<li><span style=\"color: #000000;\">Le d\u00e9p\u00f4t peut \u00eatre fait par virement Interac ou par ch\u00e8que.<\/span><\/li>\n<li><span style=\"color: #000000;\"><span style=\"color: #000000;\">Vous pouvez garder le bac pour une dur\u00e9e ind\u00e9termin\u00e9e.<\/span><\/span><\/li>\n<li>Le d\u00e9p\u00f4t en garantie vous est rembours\u00e9 \u00e0 100% lors du retour du bac, conditionnel \u00e0 ce que le bac soit remis en bonne condition. (pas vol\u00e9 ou disparu, pas br\u00fbl\u00e9, pas peintur\u00e9, pas identifi\u00e9 avec l&#8217;adresse civique au marqueur ou \u00e0 la peinture et qui comprend toute autre identification en plus de celle d\u00e9j\u00e0 existante (comme la propri\u00e9t\u00e9 de la r\u00e9gie intermunicipale d\u2019argenteuil deux-montagnes et le num\u00e9ro de s\u00e9rie) sur le bac<\/li>\n<\/ul>\n<h3><span style=\"color: #000000;\">Contactez nous au 450 562-3786 poste 1\u00a0<\/span><\/h3>\n<h3><\/h3>\n","protected":false},"excerpt":{"rendered":"<p>BAC SUPPL\u00c9MENTAIRE La R\u00e9gie vous offre l&#8217;opportunit\u00e9 d&#8217;obtenir des bacs suppl\u00e9mentaires : Pour un bac brun suppl\u00e9mentaire, le d\u00e9p\u00f4t en garantie est de 123.37$ tx incl. Le d\u00e9p\u00f4t peut \u00eatre fait par virement Interac ou par ch\u00e8que. Vous pouvez garder le bac pour une dur\u00e9e ind\u00e9termin\u00e9e. Le d\u00e9p\u00f4t en garantie vous est rembours\u00e9 \u00e0 100% [&hellip;]<\/p>\n","protected":false},"author":1,"featured_media":0,"parent":121,"menu_order":0,"comment_status":"closed","ping_status":"closed","template":"","meta":[],"_links":{"self":[{"href":"https:\/\/www.riadm.ca\/index.php\/wp-json\/wp\/v2\/pages\/1112"}],"collection":[{"href":"https:\/\/www.riadm.ca\/index.php\/wp-json\/wp\/v2\/pages"}],"about":[{"href":"https:\/\/www.riadm.ca\/index.php\/wp-json\/wp\/v2\/types\/page"}],"author":[{"embeddable":true,"href":"https:\/\/www.riadm.ca\/index.php\/wp-json\/wp\/v2\/users\/1"}],"replies":[{"embeddable":true,"href":"https:\/\/www.riadm.ca\/index.php\/wp-json\/wp\/v2\/comments?post=1112"}],"version-history":[{"count":40,"href":"https:\/\/www.riadm.ca\/index.php\/wp-json\/wp\/v2\/pages\/1112\/revisions"}],"predecessor-version":[{"id":8848,"href":"https:\/\/www.riadm.ca\/index.php\/wp-json\/wp\/v2\/pages\/1112\/revisions\/8848"}],"up":[{"embeddable":true,"href":"https:\/\/www.riadm.ca\/index.php\/wp-json\/wp\/v2\/pages\/121"}],"wp:attachment":[{"href":"https:\/\/www.riadm.ca\/index.php\/wp-json\/wp\/v2\/media?parent=1112"}],"curies":[{"name":"wp","href":"https:\/\/api.w.org\/{rel}","templated":true}]}}